{"id":163,"date":"2017-07-13T10:50:16","date_gmt":"2017-07-13T10:50:16","guid":{"rendered":"https:\/\/www.carolhowardtouristguide.com\/about-me\/"},"modified":"2025-07-28T14:28:57","modified_gmt":"2025-07-28T14:28:57","slug":"about-me","status":"publish","type":"page","link":"https:\/\/www.carolhowardtouristguide.com\/de\/about-me\/","title":{"rendered":"Zu Meiner Person"},"content":{"rendered":"\t\t<div data-elementor-type=\"wp-page\" data-elementor-id=\"163\" class=\"elementor elementor-163 elementor-11\" data-elementor-post-type=\"page\">\n\t\t\t\t<div class=\"elementor-element elementor-element-428395a e-flex e-con-boxed e-con e-parent\" data-id=\"428395a\" data-element_type=\"container\">\n\t\t\t\t\t<div class=\"e-con-inner\">\n\t\t\t\t<div class=\"elementor-element elementor-element-bc2c65a elementor-widget elementor-widget-heading\" data-id=\"bc2c65a\" data-element_type=\"widget\" data-widget_type=\"heading.default\">\n\t\t\t\t\t<h2 class=\"elementor-heading-title elementor-size-default\">Hallo, ich bin Carol<\/h2>\t\t\t\t<\/div>\n\t\t\t\t<div class=\"elementor-element elementor-element-0b0643e elementor-widget elementor-widget-text-editor\" data-id=\"0b0643e\" data-element_type=\"widget\" data-widget_type=\"text-editor.default\">\n\t\t\t\t\t\t\t\t\t<h2>Blue Badge Guides sind Fremdenf\u00fchrer im Vereinigten K\u00f6nigreich, die eine Berufspr\u00fcfung abgelegt und nach einem intensiven Ausbildungskurs eine entsprechende Qualifikation erworben haben.<\/h2>\t\t\t\t\t\t\t\t<\/div>\n\t\t<div class=\"elementor-element elementor-element-21a08d2 e-grid e-con-full e-con e-child\" data-id=\"21a08d2\" data-element_type=\"container\">\n\t\t\t\t<div class=\"elementor-element elementor-element-a8ff510 elementor-widget__width-inherit elementor-widget elementor-widget-text-editor\" data-id=\"a8ff510\" data-element_type=\"widget\" data-widget_type=\"text-editor.default\">\n\t\t\t\t\t\t\t\t\t<div>\n<div style=\"width: 560px;\">\n<div>Blue Badge Guides sind Fremdenf\u00fchrer in Gro\u03b2britannien, die eine intensive Ausbildung und, die Pr\u00fcfungen untergangen sind um eine Qualifikation zum Fremdenf\u00fchrer zu erreichen. Geben Sie Acht, es gibt auch Fremdenf\u00fchrer, die diese Qualifikation nicht besitzen.<\/div>\n<div>\u00a0<\/div>\n<div>Seit 2001 bin ich eine qualifiziertere Fremdenf\u00fchrerin bei den Blue Badge Guides in den Sprachen <a href=\"\/\" target=\"_blank\" rel=\"noopener\">Englisch<\/a>, Deutsch, <a href=\"\/it\" target=\"_blank\" rel=\"noopener\">Italienisch\u00a0<\/a>und\u00a0<a href=\"\/fr\" target=\"_blank\" rel=\"noopener\">Franz\u00f6sisch<\/a>.<\/div>\n<div>\u00a0<\/div>\n<div>Ich bin Mitglied bei den folgenden Organisationen:<\/div>\n<ul style=\"font-size: 16px;\">\n<li style=\"font-size: 16px;\"><a href=\"https:\/\/www.itg.org.uk\/\" target=\"_blank\" rel=\"noopener\">The Institute of Tourist Guiding<\/a><\/li>\n<li style=\"font-size: 16px;\"><a href=\"https:\/\/britainsbestguides.org\/\" target=\"_blank\" rel=\"noopener\">The British Guild of Tourist Guides<\/a><\/li>\n<li>The APTG (Association of Professional Tourist Guides)<\/li>\n<\/ul>\n<p><br \/>Meine Qualifikation als Fremdenf\u00fchrerin gilt f\u00fcr London und den Umkreis (bis zu ca. 240km). Ich interessiere mich f\u00fcr Geschichte, Architektur, Burgen und Schl\u00f6sser, Kathedralen, Kirchen, Literatur, Kunst, Musik und Ausfl\u00fcge ins Gr\u00fcne.<\/p>\n<\/div>\n<p>Ich nehme gerne Anfragen f\u00fcr ihr Wunschziel entgegen, mache aber auch gerne Vorschl\u00e4ge f\u00fcr F\u00fchrungen. Ein Blue Badge Guide macht den Unterschied zwischen einer Besichtigung und einer F\u00fchrung, die unsere wundersch\u00f6ne britische Geschichte zum Leben erweckt.<\/p>\n<\/div>\t\t\t\t\t\t\t\t<\/div>\n\t\t\t\t<div class=\"elementor-element elementor-element-75e923f elementor-widget elementor-widget-image\" data-id=\"75e923f\" data-element_type=\"widget\" data-widget_type=\"image.default\">\n\t\t\t\t\t\t\t\t\t\t\t\t\t\t\t<img fetchpriority=\"high\" decoding=\"async\" width=\"450\" height=\"356\" src=\"https:\/\/www.carolhowardtouristguide.com\/wp-content\/uploads\/2025\/07\/about-img.jpg\" class=\"elementor-animation-grow attachment-full size-full wp-image-1009\" alt=\"Tour at Old Royal Naval College\" srcset=\"https:\/\/www.carolhowardtouristguide.com\/wp-content\/uploads\/2025\/07\/about-img.jpg 450w, https:\/\/www.carolhowardtouristguide.com\/wp-content\/uploads\/2025\/07\/about-img-300x237.jpg 300w\" sizes=\"(max-width: 450px) 100vw, 450px\" \/>\t\t\t\t\t\t\t\t\t\t\t\t\t\t\t<\/div>\n\t\t\t\t<\/div>\n\t\t\t\t<div class=\"elementor-element elementor-element-4472533 elementor-widget elementor-widget-text-editor\" data-id=\"4472533\" data-element_type=\"widget\" data-widget_type=\"text-editor.default\">\n\t\t\t\t\t\t\t\t\t<p id=\"tw-target-text\" class=\"tw-data-text tw-text-large tw-ta\" dir=\"ltr\" data-placeholder=\"Translation\" data-ved=\"2ahUKEwjy2tqYysOOAxU4U0EAHSAFAE0Q3ewLegQICRAW\" aria-label=\"Translated text: Fragen Sie mich einfach, wenn Sie Orte besuchen m\u00f6chten oder wenn Sie Vorschl\u00e4ge von mir w\u00fcnschen. Ein Blue Badge Guide kann den Unterschied zwischen einer blo\u00dfen Besichtigung und einer Tour ausmachen, die unsere wunderbare britische Geschichte lebendig werden l\u00e4sst.\"><span class=\"Y2IQFc\" lang=\"de\">Fragen Sie mich einfach, wenn Sie Orte besuchen m\u00f6chten oder wenn Sie Vorschl\u00e4ge von mir w\u00fcnschen. Ein Blue Badge Guide kann den Unterschied zwischen einer blo\u00dfen Besichtigung und einer Tour ausmachen, die unsere wunderbare britische Geschichte lebendig werden l\u00e4sst.<\/span><\/p>\t\t\t\t\t\t\t\t<\/div>\n\t\t\t\t\t<\/div>\n\t\t\t\t<\/div>\n\t\t<div class=\"elementor-element elementor-element-e9238e8 e-flex e-con-boxed e-con e-parent\" data-id=\"e9238e8\" data-element_type=\"container\">\n\t\t\t\t\t<div class=\"e-con-inner\">\n\t\t<div class=\"elementor-element elementor-element-98fe7d3 e-con-full e-flex e-con e-child\" data-id=\"98fe7d3\" data-element_type=\"container\">\n\t\t\t\t<div class=\"elementor-element elementor-element-7010200 elementor-widget elementor-widget-text-editor\" data-id=\"7010200\" data-element_type=\"widget\" data-widget_type=\"text-editor.default\">\n\t\t\t\t\t\t\t\t\t<div class=\"about-page\">\n<div>\n\n<strong><a href=\"https:\/\/www.tripadvisor.in\/Attraction_Review-g186338-d28144685-Reviews-CAROL_HOWARD_London_Blue_Badge_Tourist_Guide_Private_Tours-London_England.html\" target=\"_blank\" rel=\"noopener\">Meine Bewertungen auf Tripadvisor finden Sie hier<\/a><\/strong>\n\n<\/div>\n<\/div>\n<!-- \/wp:paragraph --><!-- wp:paragraph --><!-- \/wp:paragraph --><!-- wp:image {\"id\":346,\"sizeSlug\":\"large\"} -->\n<figure class=\"wp-block-image size-large\"><a href=\"https:\/\/www.tripadvisor.in\/Attraction_Review-g186338-d28144685-Reviews-CAROL_HOWARD_London_Blue_Badge_Tourist_Guide_Private_Tours-London_England.html\" target=\"_blank\" rel=\"noopener noreferrer\"><img decoding=\"async\" width=\"400\" height=\"186\" class=\"wp-image-346 alignnone\" src=\"https:\/\/www.carolhowardtouristguide.com\/wp-content\/uploads\/2025\/07\/tripadvisor-logo-circle-green-vertical-lockup-registered-rgb.png\" alt=\"\" \/><\/a><\/figure>\n<!-- \/wp:image -->\t\t\t\t\t\t\t\t<\/div>\n\t\t\t\t<\/div>\n\t\t\t\t\t<\/div>\n\t\t\t\t<\/div>\n\t\t\t\t<\/div>\n\t\t","protected":false},"excerpt":{"rendered":"<p>Hallo, ich bin Carol Blue Badge Guides sind Fremdenf\u00fchrer im Vereinigten K\u00f6nigreich, die eine Berufspr\u00fcfung abgelegt und nach einem intensiven Ausbildungskurs eine entsprechende Qualifikation erworben haben. Blue Badge Guides sind Fremdenf\u00fchrer in Gro\u03b2britannien, die eine intensive Ausbildung und, die Pr\u00fcfungen untergangen sind um eine Qualifikation zum Fremdenf\u00fchrer zu erreichen. Geben Sie Acht, es gibt auch [&hellip;]<\/p>\n","protected":false},"author":1,"featured_media":0,"parent":0,"menu_order":0,"comment_status":"closed","ping_status":"closed","template":"","meta":{"footnotes":""},"class_list":["post-163","page","type-page","status-publish","hentry"],"yoast_head":"<!-- This site is optimized with the Yoast SEO plugin v25.6 - https:\/\/yoast.com\/wordpress\/plugins\/seo\/ -->\n<title>\u00dcber Carol Howard - Qualifizierte Reisef\u00fchrerin f\u00fcr Touren in London<\/title>\n<meta name=\"description\" content=\"Carol Howard is a member of British Guild Tourist Guides &amp; Institute of Tourist Guiding. Qualified as a London Blue Badge Guide. Book a tour to visit places in London.\" \/>\n<meta name=\"robots\" content=\"index, follow, max-snippet:-1, max-image-preview:large, max-video-preview:-1\" \/>\n<link rel=\"canonical\" href=\"https:\/\/www.carolhowardtouristguide.com\/de\/about-me\/\" \/>\n<meta name=\"twitter:label1\" content=\"Gesch\u00e4tzte Lesezeit\" \/>\n\t<meta name=\"twitter:data1\" content=\"2\u00a0Minuten\" \/>\n<script type=\"application\/ld+json\" class=\"yoast-schema-graph\">{\"@context\":\"https:\/\/schema.org\",\"@graph\":[{\"@type\":\"WebPage\",\"@id\":\"https:\/\/www.carolhowardtouristguide.com\/de\/about-me\/\",\"url\":\"https:\/\/www.carolhowardtouristguide.com\/de\/about-me\/\",\"name\":\"\u00dcber Carol Howard - Qualifizierte Reisef\u00fchrerin f\u00fcr Touren in London\",\"isPartOf\":{\"@id\":\"https:\/\/www.carolhowardtouristguide.com\/de\/#website\"},\"primaryImageOfPage\":{\"@id\":\"https:\/\/www.carolhowardtouristguide.com\/de\/about-me\/#primaryimage\"},\"image\":{\"@id\":\"https:\/\/www.carolhowardtouristguide.com\/de\/about-me\/#primaryimage\"},\"thumbnailUrl\":\"https:\/\/www.carolhowardtouristguide.com\/wp-content\/uploads\/2025\/07\/about-img.jpg\",\"datePublished\":\"2017-07-13T10:50:16+00:00\",\"dateModified\":\"2025-07-28T14:28:57+00:00\",\"description\":\"Carol Howard is a member of British Guild Tourist Guides & Institute of Tourist Guiding. Qualified as a London Blue Badge Guide. Book a tour to visit places in London.\",\"breadcrumb\":{\"@id\":\"https:\/\/www.carolhowardtouristguide.com\/de\/about-me\/#breadcrumb\"},\"inLanguage\":\"de\",\"potentialAction\":[{\"@type\":\"ReadAction\",\"target\":[\"https:\/\/www.carolhowardtouristguide.com\/de\/about-me\/\"]}]},{\"@type\":\"ImageObject\",\"inLanguage\":\"de\",\"@id\":\"https:\/\/www.carolhowardtouristguide.com\/de\/about-me\/#primaryimage\",\"url\":\"https:\/\/www.carolhowardtouristguide.com\/wp-content\/uploads\/2025\/07\/about-img.jpg\",\"contentUrl\":\"https:\/\/www.carolhowardtouristguide.com\/wp-content\/uploads\/2025\/07\/about-img.jpg\"},{\"@type\":\"BreadcrumbList\",\"@id\":\"https:\/\/www.carolhowardtouristguide.com\/de\/about-me\/#breadcrumb\",\"itemListElement\":[{\"@type\":\"ListItem\",\"position\":1,\"name\":\"Home\",\"item\":\"https:\/\/www.carolhowardtouristguide.com\/de\/\"},{\"@type\":\"ListItem\",\"position\":2,\"name\":\"Zu Meiner Person\"}]},{\"@type\":\"WebSite\",\"@id\":\"https:\/\/www.carolhowardtouristguide.com\/de\/#website\",\"url\":\"https:\/\/www.carolhowardtouristguide.com\/de\/\",\"name\":\"Carol Howard Tours \u2013 Blue Badge Tourist Guides London\",\"description\":\"Tourist Guide: Blue Badge Tours of London\",\"publisher\":{\"@id\":\"https:\/\/www.carolhowardtouristguide.com\/de\/#organization\"},\"potentialAction\":[{\"@type\":\"SearchAction\",\"target\":{\"@type\":\"EntryPoint\",\"urlTemplate\":\"https:\/\/www.carolhowardtouristguide.com\/de\/?s={search_term_string}\"},\"query-input\":{\"@type\":\"PropertyValueSpecification\",\"valueRequired\":true,\"valueName\":\"search_term_string\"}}],\"inLanguage\":\"de\"},{\"@type\":\"Organization\",\"@id\":\"https:\/\/www.carolhowardtouristguide.com\/de\/#organization\",\"name\":\"Carol Howard Tours \u2013 Blue Badge Tourist Guides London\",\"url\":\"https:\/\/www.carolhowardtouristguide.com\/de\/\",\"logo\":{\"@type\":\"ImageObject\",\"inLanguage\":\"de\",\"@id\":\"https:\/\/www.carolhowardtouristguide.com\/de\/#\/schema\/logo\/image\/\",\"url\":\"https:\/\/www.carolhowardtouristguide.com\/wp-content\/uploads\/2025\/07\/logo-2.png\",\"contentUrl\":\"https:\/\/www.carolhowardtouristguide.com\/wp-content\/uploads\/2025\/07\/logo-2.png\",\"width\":500,\"height\":174,\"caption\":\"Carol Howard Tours \u2013 Blue Badge Tourist Guides London\"},\"image\":{\"@id\":\"https:\/\/www.carolhowardtouristguide.com\/de\/#\/schema\/logo\/image\/\"}}]}<\/script>\n<!-- \/ Yoast SEO plugin. -->","yoast_head_json":{"title":"\u00dcber Carol Howard - Qualifizierte Reisef\u00fchrerin f\u00fcr Touren in London","description":"Carol Howard is a member of British Guild Tourist Guides & Institute of Tourist Guiding. Qualified as a London Blue Badge Guide. Book a tour to visit places in London.","robots":{"index":"index","follow":"follow","max-snippet":"max-snippet:-1","max-image-preview":"max-image-preview:large","max-video-preview":"max-video-preview:-1"},"canonical":"https:\/\/www.carolhowardtouristguide.com\/de\/about-me\/","twitter_misc":{"Gesch\u00e4tzte Lesezeit":"2\u00a0Minuten"},"schema":{"@context":"https:\/\/schema.org","@graph":[{"@type":"WebPage","@id":"https:\/\/www.carolhowardtouristguide.com\/de\/about-me\/","url":"https:\/\/www.carolhowardtouristguide.com\/de\/about-me\/","name":"\u00dcber Carol Howard - Qualifizierte Reisef\u00fchrerin f\u00fcr Touren in London","isPartOf":{"@id":"https:\/\/www.carolhowardtouristguide.com\/de\/#website"},"primaryImageOfPage":{"@id":"https:\/\/www.carolhowardtouristguide.com\/de\/about-me\/#primaryimage"},"image":{"@id":"https:\/\/www.carolhowardtouristguide.com\/de\/about-me\/#primaryimage"},"thumbnailUrl":"https:\/\/www.carolhowardtouristguide.com\/wp-content\/uploads\/2025\/07\/about-img.jpg","datePublished":"2017-07-13T10:50:16+00:00","dateModified":"2025-07-28T14:28:57+00:00","description":"Carol Howard is a member of British Guild Tourist Guides & Institute of Tourist Guiding. Qualified as a London Blue Badge Guide. Book a tour to visit places in London.","breadcrumb":{"@id":"https:\/\/www.carolhowardtouristguide.com\/de\/about-me\/#breadcrumb"},"inLanguage":"de","potentialAction":[{"@type":"ReadAction","target":["https:\/\/www.carolhowardtouristguide.com\/de\/about-me\/"]}]},{"@type":"ImageObject","inLanguage":"de","@id":"https:\/\/www.carolhowardtouristguide.com\/de\/about-me\/#primaryimage","url":"https:\/\/www.carolhowardtouristguide.com\/wp-content\/uploads\/2025\/07\/about-img.jpg","contentUrl":"https:\/\/www.carolhowardtouristguide.com\/wp-content\/uploads\/2025\/07\/about-img.jpg"},{"@type":"BreadcrumbList","@id":"https:\/\/www.carolhowardtouristguide.com\/de\/about-me\/#breadcrumb","itemListElement":[{"@type":"ListItem","position":1,"name":"Home","item":"https:\/\/www.carolhowardtouristguide.com\/de\/"},{"@type":"ListItem","position":2,"name":"Zu Meiner Person"}]},{"@type":"WebSite","@id":"https:\/\/www.carolhowardtouristguide.com\/de\/#website","url":"https:\/\/www.carolhowardtouristguide.com\/de\/","name":"Carol Howard Tours \u2013 Blue Badge Tourist Guides London","description":"Tourist Guide: Blue Badge Tours of London","publisher":{"@id":"https:\/\/www.carolhowardtouristguide.com\/de\/#organization"},"potentialAction":[{"@type":"SearchAction","target":{"@type":"EntryPoint","urlTemplate":"https:\/\/www.carolhowardtouristguide.com\/de\/?s={search_term_string}"},"query-input":{"@type":"PropertyValueSpecification","valueRequired":true,"valueName":"search_term_string"}}],"inLanguage":"de"},{"@type":"Organization","@id":"https:\/\/www.carolhowardtouristguide.com\/de\/#organization","name":"Carol Howard Tours \u2013 Blue Badge Tourist Guides London","url":"https:\/\/www.carolhowardtouristguide.com\/de\/","logo":{"@type":"ImageObject","inLanguage":"de","@id":"https:\/\/www.carolhowardtouristguide.com\/de\/#\/schema\/logo\/image\/","url":"https:\/\/www.carolhowardtouristguide.com\/wp-content\/uploads\/2025\/07\/logo-2.png","contentUrl":"https:\/\/www.carolhowardtouristguide.com\/wp-content\/uploads\/2025\/07\/logo-2.png","width":500,"height":174,"caption":"Carol Howard Tours \u2013 Blue Badge Tourist Guides London"},"image":{"@id":"https:\/\/www.carolhowardtouristguide.com\/de\/#\/schema\/logo\/image\/"}}]}},"_links":{"self":[{"href":"https:\/\/www.carolhowardtouristguide.com\/de\/wp-json\/wp\/v2\/pages\/163","targetHints":{"allow":["GET"]}}],"collection":[{"href":"https:\/\/www.carolhowardtouristguide.com\/de\/wp-json\/wp\/v2\/pages"}],"about":[{"href":"https:\/\/www.carolhowardtouristguide.com\/de\/wp-json\/wp\/v2\/types\/page"}],"author":[{"embeddable":true,"href":"https:\/\/www.carolhowardtouristguide.com\/de\/wp-json\/wp\/v2\/users\/1"}],"replies":[{"embeddable":true,"href":"https:\/\/www.carolhowardtouristguide.com\/de\/wp-json\/wp\/v2\/comments?post=163"}],"version-history":[{"count":22,"href":"https:\/\/www.carolhowardtouristguide.com\/de\/wp-json\/wp\/v2\/pages\/163\/revisions"}],"predecessor-version":[{"id":1486,"href":"https:\/\/www.carolhowardtouristguide.com\/de\/wp-json\/wp\/v2\/pages\/163\/revisions\/1486"}],"wp:attachment":[{"href":"https:\/\/www.carolhowardtouristguide.com\/de\/wp-json\/wp\/v2\/media?parent=163"}],"curies":[{"name":"wp","href":"https:\/\/api.w.org\/{rel}","templated":true}]}}