{"id":174,"date":"2017-07-13T10:01:38","date_gmt":"2017-07-13T10:01:38","guid":{"rendered":"https:\/\/www.carolhowardtouristguide.com\/home\/"},"modified":"2025-10-13T16:10:38","modified_gmt":"2025-10-13T16:10:38","slug":"home","status":"publish","type":"page","link":"https:\/\/www.carolhowardtouristguide.com\/de\/","title":{"rendered":"Home"},"content":{"rendered":"\t\t<div data-elementor-type=\"wp-page\" data-elementor-id=\"174\" class=\"elementor elementor-174 elementor-4\" data-elementor-post-type=\"page\">\n\t\t\t\t<div class=\"elementor-element elementor-element-28aa550 e-con-full e-flex e-con e-parent\" data-id=\"28aa550\" data-element_type=\"container\" data-settings=\"{&quot;background_background&quot;:&quot;classic&quot;}\">\n\t\t\t\t<div class=\"elementor-element elementor-element-e008be5 elementor--h-position-left elementor-widget__width-inherit elementor--v-position-middle elementor-arrows-position-inside elementor-pagination-position-inside elementor-widget elementor-widget-slides\" data-id=\"e008be5\" data-element_type=\"widget\" data-settings=\"{&quot;navigation&quot;:&quot;both&quot;,&quot;autoplay&quot;:&quot;yes&quot;,&quot;pause_on_hover&quot;:&quot;yes&quot;,&quot;pause_on_interaction&quot;:&quot;yes&quot;,&quot;autoplay_speed&quot;:5000,&quot;infinite&quot;:&quot;yes&quot;,&quot;transition&quot;:&quot;slide&quot;,&quot;transition_speed&quot;:500}\" data-widget_type=\"slides.default\">\n\t\t\t\t\t\t\t\t\t\t<div class=\"elementor-slides-wrapper elementor-main-swiper swiper\" role=\"region\" aria-roledescription=\"carousel\" aria-label=\"Slides\" dir=\"ltr\" data-animation=\"fadeInUp\">\n\t\t\t\t<div class=\"swiper-wrapper elementor-slides\">\n\t\t\t\t\t\t\t\t\t\t<div class=\"elementor-repeater-item-c7c017e swiper-slide\" role=\"group\" aria-roledescription=\"slide\"><div class=\"swiper-slide-bg\" role=\"img\"><\/div><div class=\"swiper-slide-inner\" ><div class=\"swiper-slide-contents\"><div class=\"elementor-slide-heading\">Carol Howard<\/div><div class=\"elementor-slide-description\">Reisef\u00fchrer mit Blauer Plakette\nQualifizierter, professioneller Reisef\u00fchrer\nAusfl\u00fcge, Wanderungen und Themenf\u00fchrungen<\/div><a href=\"\/de\/contact\" class=\"elementor-button elementor-slide-button elementor-size-sm\">Kontaktieren Sie mich jetzt<\/a><\/div><\/div><\/div>\t\t\t\t<\/div>\n\t\t\t\t\t\t\t<\/div>\n\t\t\t\t\t\t\t\t<\/div>\n\t\t\t\t<\/div>\n\t\t<div class=\"elementor-element elementor-element-6cddd2e e-flex e-con-boxed e-con e-parent\" data-id=\"6cddd2e\" data-element_type=\"container\">\n\t\t\t\t\t<div class=\"e-con-inner\">\n\t\t<div class=\"elementor-element elementor-element-e30aa4f e-con-full e-flex e-con e-child\" data-id=\"e30aa4f\" data-element_type=\"container\">\n\t\t\t\t<div class=\"elementor-element elementor-element-f023f2f elementor-widget elementor-widget-text-editor\" data-id=\"f023f2f\" data-element_type=\"widget\" data-widget_type=\"text-editor.default\">\n\t\t\t\t\t\t\t\t\t<h2 class=\"title-type1\">Fremdenf\u00fchrer<\/h2><h4 class=\"sub-text\">Blue Badge-qualifizierter Reisef\u00fchrer<\/h4><div class=\"sub-text\">Ich habe 2001 die Qualifikation als London Blue Badge Guide erworben, nachdem ich zuvor im Ausland als Reiseleiter und Tour manager gearbeitet hatte. Ich bin qualifiziert, Touren auf\u00a0<a href=\"\/\" target=\"_blank\" rel=\"noopener\">Englisch<\/a>, Deutsch,\u00a0<a href=\"\/it\" target=\"_blank\" rel=\"noopener\">Italienisch\u00a0<\/a>und\u00a0<a href=\"\/fr\" target=\"_blank\" rel=\"noopener\">Franz\u00f6sisch<\/a>.<\/div>\t\t\t\t\t\t\t\t<\/div>\n\t\t\t\t<div class=\"elementor-element elementor-element-a1a1976 elementor-widget elementor-widget-button\" data-id=\"a1a1976\" data-element_type=\"widget\" data-widget_type=\"button.default\">\n\t\t\t\t\t\t\t\t\t\t<a class=\"elementor-button elementor-button-link elementor-size-sm elementor-animation-grow\" href=\"\/de\/about-me\">\n\t\t\t\t\t\t<span class=\"elementor-button-content-wrapper\">\n\t\t\t\t\t\t\t\t\t<span class=\"elementor-button-text\">Mehr \u00fcber mich<\/span>\n\t\t\t\t\t<\/span>\n\t\t\t\t\t<\/a>\n\t\t\t\t\t\t\t\t<\/div>\n\t\t\t\t<\/div>\n\t\t<div class=\"elementor-element elementor-element-1219e88 e-con-full e-grid e-con e-child\" data-id=\"1219e88\" data-element_type=\"container\">\n\t\t\t\t<div class=\"elementor-element elementor-element-ec8e78b elementor-widget elementor-widget-image\" data-id=\"ec8e78b\" data-element_type=\"widget\" data-widget_type=\"image.default\">\n\t\t\t\t\t\t\t\t\t\t\t\t\t\t\t<img fetchpriority=\"high\" decoding=\"async\" width=\"458\" height=\"498\" src=\"https:\/\/www.carolhowardtouristguide.com\/wp-content\/uploads\/2025\/07\/gallery2.jpg\" class=\"elementor-animation-grow attachment-full size-full wp-image-965\" alt=\"Tour at Stonehenge\" srcset=\"https:\/\/www.carolhowardtouristguide.com\/wp-content\/uploads\/2025\/07\/gallery2.jpg 458w, https:\/\/www.carolhowardtouristguide.com\/wp-content\/uploads\/2025\/07\/gallery2-276x300.jpg 276w\" sizes=\"(max-width: 458px) 100vw, 458px\" \/>\t\t\t\t\t\t\t\t\t\t\t\t\t\t\t<\/div>\n\t\t\t\t<div class=\"elementor-element elementor-element-5860094 elementor-widget elementor-widget-image\" data-id=\"5860094\" data-element_type=\"widget\" data-widget_type=\"image.default\">\n\t\t\t\t\t\t\t\t\t\t\t\t\t\t\t<img decoding=\"async\" width=\"370\" height=\"457\" src=\"https:\/\/www.carolhowardtouristguide.com\/wp-content\/uploads\/2025\/07\/IOTG-logo.png\" class=\"elementor-animation-grow attachment-full size-full wp-image-961\" alt=\"\" srcset=\"https:\/\/www.carolhowardtouristguide.com\/wp-content\/uploads\/2025\/07\/IOTG-logo.png 370w, https:\/\/www.carolhowardtouristguide.com\/wp-content\/uploads\/2025\/07\/IOTG-logo-243x300.png 243w\" sizes=\"(max-width: 370px) 100vw, 370px\" \/>\t\t\t\t\t\t\t\t\t\t\t\t\t\t\t<\/div>\n\t\t\t\t<div class=\"elementor-element elementor-element-045cadc elementor-widget elementor-widget-image\" data-id=\"045cadc\" data-element_type=\"widget\" data-widget_type=\"image.default\">\n\t\t\t\t\t\t\t\t\t\t\t\t\t\t\t<img decoding=\"async\" width=\"700\" height=\"131\" src=\"https:\/\/www.carolhowardtouristguide.com\/wp-content\/uploads\/2025\/07\/ITGlogo-Member-web.gif\" class=\"attachment-large size-large wp-image-1804\" alt=\"\" \/>\t\t\t\t\t\t\t\t\t\t\t\t\t\t\t<\/div>\n\t\t\t\t<\/div>\n\t\t\t\t\t<\/div>\n\t\t\t\t<\/div>\n\t\t<div class=\"elementor-element elementor-element-c5081e5 e-con-full e-flex e-con e-parent\" data-id=\"c5081e5\" data-element_type=\"container\" data-settings=\"{&quot;background_background&quot;:&quot;classic&quot;}\">\n\t\t<div class=\"elementor-element elementor-element-e545286 e-flex e-con-boxed e-con e-child\" data-id=\"e545286\" data-element_type=\"container\">\n\t\t\t\t\t<div class=\"e-con-inner\">\n\t\t\t\t<div class=\"elementor-element elementor-element-3902ca3 elementor-widget__width-inherit elementor-widget elementor-widget-text-editor\" data-id=\"3902ca3\" data-element_type=\"widget\" data-widget_type=\"text-editor.default\">\n\t\t\t\t\t\t\t\t\t<h2 class=\"title-type1 center\">Gef\u00fchrte Touren<\/h2><div class=\"tour-guide-area\"><div class=\"home-tour-guides\">\n  \t<div class=\"home-tour-item\">\n    \t<div class=\"inner-tour\">\n        \t<h3 class=\"home-tour-title\">EXKURSIONEN<\/h3>\n        \t<div class=\"some-content\">\n            \tArundel Castle,Leeds Castle,Brighton,New Forest,Bath,more&#8230;            <\/div>\n            <div class=\"more-btn-sec\">\n            \t            \t\t\t<a class=\"btn-hover\" href=\"https:\/\/www.carolhowardtouristguide.com\/de\/guided-tours\/\">VIEW ALL<\/a>\n            \t            <\/div>\n        <\/div>\n    <\/div>\n  \t<div class=\"home-tour-item\">\n    \t<div class=\"inner-tour\">\n        \t<h3 class=\"home-tour-title\">ATTRAKTIONEN IN LONDON<\/h3>\n        \t<div class=\"some-content\">\n            \tThe British Museum,Syon House,Chiswick House,Tate Britain,Kensington Palace,more&#8230;            <\/div>\n            <div class=\"more-btn-sec\">\n            \t            \t\t\t<a class=\"btn-hover\" href=\"https:\/\/www.carolhowardtouristguide.com\/de\/guided-tours\/\">VIEW ALL<\/a>\n            \t            <\/div>\n        <\/div>\n    <\/div>\n  \t<div class=\"home-tour-item\">\n    \t<div class=\"inner-tour\">\n        \t<h3 class=\"home-tour-title\">STADTF\u00dcHRUNGEN AU\u00dfERHALB LONDONS<\/h3>\n        \t<div class=\"some-content\">\n            \tBath,Oxford,Brighton,Stratford-Upon-Avon,Cambridge,more&#8230;            <\/div>\n            <div class=\"more-btn-sec\">\n            \t            \t\t\t<a class=\"btn-hover\" href=\"https:\/\/www.carolhowardtouristguide.com\/de\/guided-tours\/\">VIEW ALL<\/a>\n            \t            <\/div>\n        <\/div>\n    <\/div>\n  \t<div class=\"home-tour-item\">\n    \t<div class=\"inner-tour\">\n        \t<h3 class=\"home-tour-title\">RUNDG\u00c4NGE IN LONDON<\/h3>\n        \t<div class=\"some-content\">\n            \tBelgravia,Hampstead,Mayfair,City of London ,Highgate,more&#8230;            <\/div>\n            <div class=\"more-btn-sec\">\n            \t            \t\t\t<a class=\"btn-hover\" href=\"https:\/\/www.carolhowardtouristguide.com\/de\/guided-tours\/\">VIEW ALL<\/a>\n            \t            <\/div>\n        <\/div>\n    <\/div>\n  \t<div class=\"home-tour-item\">\n    \t<div class=\"inner-tour\">\n        \t<h3 class=\"home-tour-title\">THEMENORIENTIERTE RUNDG\u00c4NGE IN LONDON<\/h3>\n        \t<div class=\"some-content\">\n            \tCharles Dickens London,Juristische London,Literarischer Bloomsbury,Pepys\u2019s London,Shakespeare\u2019s London,more&#8230;            <\/div>\n            <div class=\"more-btn-sec\">\n            \t            \t\t\t<a class=\"btn-hover\" href=\"https:\/\/www.carolhowardtouristguide.com\/de\/guided-tours\/\">VIEW ALL<\/a>\n            \t            <\/div>\n        <\/div>\n    <\/div>\n  <\/div>\n<script type=\"text\/javascript\">\njQuery(document).ready(function($){\njQuery('.home-tour-guides').slick({\n\tslidesToShow: 3,\n\tslidesToScroll: 1,\n\tdots:false,\n\tarrows:true,\n\tprevArrow:'<span class=\"post-prev\"><\/span>',\n\tnextArrow:'<span class=\"post-next\"><\/span>',\n\tresponsive: [\n\t{\n\t  breakpoint: 1199,\n\t  settings: {\n\t\tslidesToShow:3,\n\t\tslidesToScroll: 1\n\t  }\n\t},\n\t{\n\t  breakpoint: 991,\n\t  settings: {\n\t\tslidesToShow:2,\n\t\tslidesToScroll: 1\n\t  }\n\t},\n\t{\n\t  breakpoint: 570,\n\t  settings: {\n\t\tslidesToShow:1,\n\t\tslidesToScroll: 1\n\t  }\n\t}\n\t]\n});\n});\n<\/script><\/div>\t\t\t\t\t\t\t\t<\/div>\n\t\t\t\t\t<\/div>\n\t\t\t\t<\/div>\n\t\t\t\t<\/div>\n\t\t<div class=\"elementor-element elementor-element-7268460 e-con-full e-flex e-con e-parent\" data-id=\"7268460\" data-element_type=\"container\" data-settings=\"{&quot;background_background&quot;:&quot;classic&quot;}\">\n\t\t<div class=\"elementor-element elementor-element-16c3485 e-flex e-con-boxed e-con e-child\" data-id=\"16c3485\" data-element_type=\"container\">\n\t\t\t\t\t<div class=\"e-con-inner\">\n\t\t\t\t<div class=\"elementor-element elementor-element-ff07b13 elementor-widget__width-inherit elementor-widget elementor-widget-text-editor\" data-id=\"ff07b13\" data-element_type=\"widget\" data-widget_type=\"text-editor.default\">\n\t\t\t\t\t\t\t\t\t<h2 class=\"title-type1 center\">TOUR PREISE<\/h2>\n<div class=\"sub-desc\">F\u00fchrungsgeb\u00fchren von Carol Howard, exklusive Eintritts- oder Buskosten<\/div>\n<div class=\"tour-price-area\"><div class=\"tour-price-sec\">\n  <div class=\"row\">\n    \t<div class=\"col-md-6 col-sm-12\">\n    \t<div class=\"tour-price-item\">\n        \t<div class=\"tour-price-inner\">\n            <div class=\"price-icon\">\n            \t<div class=\"image\">\n                \t\t\t\t\t<img decoding=\"async\" src=\"https:\/\/www.carolhowardtouristguide.com\/wp-content\/uploads\/2017\/07\/jane.png\" alt=\"VORMITTAGSF\u00dcHRUNGEN\" \/>\n                <\/div>\n                <h3 class=\"price-title\">VORMITTAGSF\u00dcHRUNGEN<\/h3>\n            <\/div>\n            <div class=\"price-content\">\n            \t<div class=\"rate-txt\">Fremdsprachen, einschlie\u00dflich Deutsch<\/div>\n                <div class=\"price-sec\">\n                \t<span class=\"symbol\">\u00a3<\/span>\n                    <span class=\"price\">258<\/span>\n                <\/div>\n                <div class=\"description\">\n                \tVormittagsf\u00fchrungen werden bis 13:00 beendet.                <\/div>\n            <\/div>\n            <div class=\"price-contact\">\n            \t<div class=\"more-btn-sec\">\n                                 <a class=\"btn-hover\" href=\"https:\/\/www.carolhowardtouristguide.com\/de\/kontakt\/\">CONTACT<\/a>\n                <\/div>\n            <\/div>\n            <div class=\"clear\"><\/div>\n                        <div class=\"note\">\n                \n            <\/div>\n            <\/div>\n        <\/div>\n    <\/div>\n    \t<div class=\"col-md-6 col-sm-12\">\n    \t<div class=\"tour-price-item\">\n        \t<div class=\"tour-price-inner\">\n            <div class=\"price-icon\">\n            \t<div class=\"image\">\n                \t\t\t\t\t<img decoding=\"async\" src=\"https:\/\/www.carolhowardtouristguide.com\/wp-content\/uploads\/2017\/07\/london-attr-min.png\" alt=\"NACHMITTAGSF\u00dcHRUNGEN\" \/>\n                <\/div>\n                <h3 class=\"price-title\">NACHMITTAGSF\u00dcHRUNGEN<\/h3>\n            <\/div>\n            <div class=\"price-content\">\n            \t<div class=\"rate-txt\">Fremdsprachen, einschlie\u00dflich Deutsch<\/div>\n                <div class=\"price-sec\">\n                \t<span class=\"symbol\">\u00a3<\/span>\n                    <span class=\"price\">258<\/span>\n                <\/div>\n                <div class=\"description\">\n                \tNachmittagsf\u00fchrungen werden ab 13:30 begonnen.                <\/div>\n            <\/div>\n            <div class=\"price-contact\">\n            \t<div class=\"more-btn-sec\">\n                                 <a class=\"btn-hover\" href=\"https:\/\/www.carolhowardtouristguide.com\/de\/kontakt\/\">CONTACT<\/a>\n                <\/div>\n            <\/div>\n            <div class=\"clear\"><\/div>\n                        <div class=\"note\">\n                \n            <\/div>\n            <\/div>\n        <\/div>\n    <\/div>\n    \t<div class=\"col-md-6 col-sm-12\">\n    \t<div class=\"tour-price-item\">\n        \t<div class=\"tour-price-inner\">\n            <div class=\"price-icon\">\n            \t<div class=\"image\">\n                \t\t\t\t\t<img decoding=\"async\" src=\"https:\/\/www.carolhowardtouristguide.com\/wp-content\/uploads\/2017\/07\/dikens.png\" alt=\"GANZTAGS &#8211; F\u00dcHRUNGEN\" \/>\n                <\/div>\n                <h3 class=\"price-title\">GANZTAGS &#8211; F\u00dcHRUNGEN<\/h3>\n            <\/div>\n            <div class=\"price-content\">\n            \t<div class=\"rate-txt\">Fremdsprachen, einschlie\u00dflich Deutsch<\/div>\n                <div class=\"price-sec\">\n                \t<span class=\"symbol\">\u00a3<\/span>\n                    <span class=\"price\">431<\/span>\n                <\/div>\n                <div class=\"description\">\n                \tAb 9 Arbeitsstunden sind \u00dcberstunden zu bezahlen                <\/div>\n            <\/div>\n            <div class=\"price-contact\">\n            \t<div class=\"more-btn-sec\">\n                                 <a class=\"btn-hover\" href=\"https:\/\/www.carolhowardtouristguide.com\/de\/kontakt\/\">CONTACT<\/a>\n                <\/div>\n            <\/div>\n            <div class=\"clear\"><\/div>\n                        <div class=\"note\">\n                \n            <\/div>\n            <\/div>\n        <\/div>\n    <\/div>\n  <\/div>\n<\/div>\n<script type=\"text\/javascript\">\njQuery(document).ready(function($) {\n    \/\/equalheight('.tour-price-sec .tour-price-inner');\n\n    jQuery(window).resize(function(){\n        setTimeout(function() {\n            if(jQuery(window).width()>768){\n                \/\/equalheight('.tour-price-sec .tour-price-inner');\n            }\n            else{\n                jQuery('.tour-price-sec .tour-price-inner').css('height', 'auto');\n            }\n        },300);\n    });\n});\n<\/script><\/div>\t\t\t\t\t\t\t\t<\/div>\n\t\t\t\t\t<\/div>\n\t\t\t\t<\/div>\n\t\t\t\t<\/div>\n\t\t\t\t<\/div>\n\t\t","protected":false},"excerpt":{"rendered":"<p>Carol HowardReisef\u00fchrer mit Blauer Plakette Qualifizierter, professioneller Reisef\u00fchrer Ausfl\u00fcge, Wanderungen und Themenf\u00fchrungenKontaktieren Sie mich jetzt Fremdenf\u00fchrer Blue Badge-qualifizierter Reisef\u00fchrer Ich habe 2001 die Qualifikation als London Blue Badge Guide erworben, nachdem ich zuvor im Ausland als Reiseleiter und Tour manager gearbeitet hatte. Ich bin qualifiziert, Touren auf\u00a0Englisch, Deutsch,\u00a0Italienisch\u00a0und\u00a0Franz\u00f6sisch. Mehr \u00fcber mich Gef\u00fchrte Touren TOUR PREISE [&hellip;]<\/p>\n","protected":false},"author":1,"featured_media":0,"parent":0,"menu_order":0,"comment_status":"closed","ping_status":"closed","template":"","meta":{"footnotes":""},"class_list":["post-174","page","type-page","status-publish","hentry"],"yoast_head":"<!-- This site is optimized with the Yoast SEO plugin v25.6 - https:\/\/yoast.com\/wordpress\/plugins\/seo\/ -->\n<title>German Speaking London Blue Badge Professional Tourist Guide<\/title>\n<meta name=\"description\" content=\"Visit London with qualified German Speaking tour guide Carol Howard for guided walking and themed tours in English, German and Italian language. Contact for tour pricing today!\" \/>\n<meta name=\"robots\" content=\"index, follow, max-snippet:-1, max-image-preview:large, max-video-preview:-1\" \/>\n<link rel=\"canonical\" href=\"https:\/\/www.carolhowardtouristguide.com\/de\/\" \/>\n<meta name=\"twitter:label1\" content=\"Gesch\u00e4tzte Lesezeit\" \/>\n\t<meta name=\"twitter:data1\" content=\"1\u00a0Minute\" \/>\n<script type=\"application\/ld+json\" class=\"yoast-schema-graph\">{\"@context\":\"https:\/\/schema.org\",\"@graph\":[{\"@type\":\"WebPage\",\"@id\":\"https:\/\/www.carolhowardtouristguide.com\/de\/\",\"url\":\"https:\/\/www.carolhowardtouristguide.com\/de\/\",\"name\":\"German Speaking London Blue Badge Professional Tourist Guide\",\"isPartOf\":{\"@id\":\"https:\/\/www.carolhowardtouristguide.com\/de\/#website\"},\"primaryImageOfPage\":{\"@id\":\"https:\/\/www.carolhowardtouristguide.com\/de\/#primaryimage\"},\"image\":{\"@id\":\"https:\/\/www.carolhowardtouristguide.com\/de\/#primaryimage\"},\"thumbnailUrl\":\"https:\/\/www.carolhowardtouristguide.com\/wp-content\/uploads\/2025\/07\/gallery2.jpg\",\"datePublished\":\"2017-07-13T10:01:38+00:00\",\"dateModified\":\"2025-10-13T16:10:38+00:00\",\"description\":\"Visit London with qualified German Speaking tour guide Carol Howard for guided walking and themed tours in English, German and Italian language. Contact for tour pricing today!\",\"breadcrumb\":{\"@id\":\"https:\/\/www.carolhowardtouristguide.com\/de\/#breadcrumb\"},\"inLanguage\":\"de\",\"potentialAction\":[{\"@type\":\"ReadAction\",\"target\":[\"https:\/\/www.carolhowardtouristguide.com\/de\/\"]}]},{\"@type\":\"ImageObject\",\"inLanguage\":\"de\",\"@id\":\"https:\/\/www.carolhowardtouristguide.com\/de\/#primaryimage\",\"url\":\"https:\/\/www.carolhowardtouristguide.com\/wp-content\/uploads\/2025\/07\/gallery2.jpg\",\"contentUrl\":\"https:\/\/www.carolhowardtouristguide.com\/wp-content\/uploads\/2025\/07\/gallery2.jpg\"},{\"@type\":\"BreadcrumbList\",\"@id\":\"https:\/\/www.carolhowardtouristguide.com\/de\/#breadcrumb\",\"itemListElement\":[{\"@type\":\"ListItem\",\"position\":1,\"name\":\"Home\",\"item\":\"https:\/\/www.carolhowardtouristguide.com\/de\/\"},{\"@type\":\"ListItem\",\"position\":2,\"name\":\"Home\"}]},{\"@type\":\"WebSite\",\"@id\":\"https:\/\/www.carolhowardtouristguide.com\/de\/#website\",\"url\":\"https:\/\/www.carolhowardtouristguide.com\/de\/\",\"name\":\"Carol Howard Tours \u2013 Blue Badge Tourist Guides London\",\"description\":\"Tourist Guide: Blue Badge Tours of London\",\"publisher\":{\"@id\":\"https:\/\/www.carolhowardtouristguide.com\/de\/#organization\"},\"potentialAction\":[{\"@type\":\"SearchAction\",\"target\":{\"@type\":\"EntryPoint\",\"urlTemplate\":\"https:\/\/www.carolhowardtouristguide.com\/de\/?s={search_term_string}\"},\"query-input\":{\"@type\":\"PropertyValueSpecification\",\"valueRequired\":true,\"valueName\":\"search_term_string\"}}],\"inLanguage\":\"de\"},{\"@type\":\"Organization\",\"@id\":\"https:\/\/www.carolhowardtouristguide.com\/de\/#organization\",\"name\":\"Carol Howard Tours \u2013 Blue Badge Tourist Guides London\",\"url\":\"https:\/\/www.carolhowardtouristguide.com\/de\/\",\"logo\":{\"@type\":\"ImageObject\",\"inLanguage\":\"de\",\"@id\":\"https:\/\/www.carolhowardtouristguide.com\/de\/#\/schema\/logo\/image\/\",\"url\":\"https:\/\/www.carolhowardtouristguide.com\/wp-content\/uploads\/2025\/07\/logo-2.png\",\"contentUrl\":\"https:\/\/www.carolhowardtouristguide.com\/wp-content\/uploads\/2025\/07\/logo-2.png\",\"width\":500,\"height\":174,\"caption\":\"Carol Howard Tours \u2013 Blue Badge Tourist Guides London\"},\"image\":{\"@id\":\"https:\/\/www.carolhowardtouristguide.com\/de\/#\/schema\/logo\/image\/\"}}]}<\/script>\n<!-- \/ Yoast SEO plugin. -->","yoast_head_json":{"title":"German Speaking London Blue Badge Professional Tourist Guide","description":"Visit London with qualified German Speaking tour guide Carol Howard for guided walking and themed tours in English, German and Italian language. Contact for tour pricing today!","robots":{"index":"index","follow":"follow","max-snippet":"max-snippet:-1","max-image-preview":"max-image-preview:large","max-video-preview":"max-video-preview:-1"},"canonical":"https:\/\/www.carolhowardtouristguide.com\/de\/","twitter_misc":{"Gesch\u00e4tzte Lesezeit":"1\u00a0Minute"},"schema":{"@context":"https:\/\/schema.org","@graph":[{"@type":"WebPage","@id":"https:\/\/www.carolhowardtouristguide.com\/de\/","url":"https:\/\/www.carolhowardtouristguide.com\/de\/","name":"German Speaking London Blue Badge Professional Tourist Guide","isPartOf":{"@id":"https:\/\/www.carolhowardtouristguide.com\/de\/#website"},"primaryImageOfPage":{"@id":"https:\/\/www.carolhowardtouristguide.com\/de\/#primaryimage"},"image":{"@id":"https:\/\/www.carolhowardtouristguide.com\/de\/#primaryimage"},"thumbnailUrl":"https:\/\/www.carolhowardtouristguide.com\/wp-content\/uploads\/2025\/07\/gallery2.jpg","datePublished":"2017-07-13T10:01:38+00:00","dateModified":"2025-10-13T16:10:38+00:00","description":"Visit London with qualified German Speaking tour guide Carol Howard for guided walking and themed tours in English, German and Italian language. Contact for tour pricing today!","breadcrumb":{"@id":"https:\/\/www.carolhowardtouristguide.com\/de\/#breadcrumb"},"inLanguage":"de","potentialAction":[{"@type":"ReadAction","target":["https:\/\/www.carolhowardtouristguide.com\/de\/"]}]},{"@type":"ImageObject","inLanguage":"de","@id":"https:\/\/www.carolhowardtouristguide.com\/de\/#primaryimage","url":"https:\/\/www.carolhowardtouristguide.com\/wp-content\/uploads\/2025\/07\/gallery2.jpg","contentUrl":"https:\/\/www.carolhowardtouristguide.com\/wp-content\/uploads\/2025\/07\/gallery2.jpg"},{"@type":"BreadcrumbList","@id":"https:\/\/www.carolhowardtouristguide.com\/de\/#breadcrumb","itemListElement":[{"@type":"ListItem","position":1,"name":"Home","item":"https:\/\/www.carolhowardtouristguide.com\/de\/"},{"@type":"ListItem","position":2,"name":"Home"}]},{"@type":"WebSite","@id":"https:\/\/www.carolhowardtouristguide.com\/de\/#website","url":"https:\/\/www.carolhowardtouristguide.com\/de\/","name":"Carol Howard Tours \u2013 Blue Badge Tourist Guides London","description":"Tourist Guide: Blue Badge Tours of London","publisher":{"@id":"https:\/\/www.carolhowardtouristguide.com\/de\/#organization"},"potentialAction":[{"@type":"SearchAction","target":{"@type":"EntryPoint","urlTemplate":"https:\/\/www.carolhowardtouristguide.com\/de\/?s={search_term_string}"},"query-input":{"@type":"PropertyValueSpecification","valueRequired":true,"valueName":"search_term_string"}}],"inLanguage":"de"},{"@type":"Organization","@id":"https:\/\/www.carolhowardtouristguide.com\/de\/#organization","name":"Carol Howard Tours \u2013 Blue Badge Tourist Guides London","url":"https:\/\/www.carolhowardtouristguide.com\/de\/","logo":{"@type":"ImageObject","inLanguage":"de","@id":"https:\/\/www.carolhowardtouristguide.com\/de\/#\/schema\/logo\/image\/","url":"https:\/\/www.carolhowardtouristguide.com\/wp-content\/uploads\/2025\/07\/logo-2.png","contentUrl":"https:\/\/www.carolhowardtouristguide.com\/wp-content\/uploads\/2025\/07\/logo-2.png","width":500,"height":174,"caption":"Carol Howard Tours \u2013 Blue Badge Tourist Guides London"},"image":{"@id":"https:\/\/www.carolhowardtouristguide.com\/de\/#\/schema\/logo\/image\/"}}]}},"_links":{"self":[{"href":"https:\/\/www.carolhowardtouristguide.com\/de\/wp-json\/wp\/v2\/pages\/174","targetHints":{"allow":["GET"]}}],"collection":[{"href":"https:\/\/www.carolhowardtouristguide.com\/de\/wp-json\/wp\/v2\/pages"}],"about":[{"href":"https:\/\/www.carolhowardtouristguide.com\/de\/wp-json\/wp\/v2\/types\/page"}],"author":[{"embeddable":true,"href":"https:\/\/www.carolhowardtouristguide.com\/de\/wp-json\/wp\/v2\/users\/1"}],"replies":[{"embeddable":true,"href":"https:\/\/www.carolhowardtouristguide.com\/de\/wp-json\/wp\/v2\/comments?post=174"}],"version-history":[{"count":34,"href":"https:\/\/www.carolhowardtouristguide.com\/de\/wp-json\/wp\/v2\/pages\/174\/revisions"}],"predecessor-version":[{"id":2110,"href":"https:\/\/www.carolhowardtouristguide.com\/de\/wp-json\/wp\/v2\/pages\/174\/revisions\/2110"}],"wp:attachment":[{"href":"https:\/\/www.carolhowardtouristguide.com\/de\/wp-json\/wp\/v2\/media?parent=174"}],"curies":[{"name":"wp","href":"https:\/\/api.w.org\/{rel}","templated":true}]}}