{"id":179,"date":"2017-07-14T12:53:35","date_gmt":"2017-07-14T12:53:35","guid":{"rendered":"https:\/\/www.carolhowardtouristguide.com\/tour-pricing\/"},"modified":"2026-02-23T14:24:50","modified_gmt":"2026-02-23T14:24:50","slug":"preisgestaltung","status":"publish","type":"page","link":"https:\/\/www.carolhowardtouristguide.com\/de\/preisgestaltung\/","title":{"rendered":"Preisgestaltung"},"content":{"rendered":"\t\t<div data-elementor-type=\"wp-page\" data-elementor-id=\"179\" class=\"elementor elementor-179 elementor-81\" data-elementor-post-type=\"page\">\n\t\t\t\t<div class=\"elementor-element elementor-element-3131ab8 e-flex e-con-boxed e-con e-parent\" data-id=\"3131ab8\" data-element_type=\"container\">\n\t\t\t\t\t<div class=\"e-con-inner\">\n\t\t\t\t<div class=\"elementor-element elementor-element-c10a86f elementor-widget elementor-widget-heading\" data-id=\"c10a86f\" data-element_type=\"widget\" data-widget_type=\"heading.default\">\n\t\t\t\t\t<h2 class=\"elementor-heading-title elementor-size-default\">Aktuelle Honorarliste 1. APRIL 2026 \u2013 31. M\u00c4RZ 2027<\/h2>\t\t\t\t<\/div>\n\t\t\t\t<div class=\"elementor-element elementor-element-c296326 elementor-widget elementor-widget-text-editor\" data-id=\"c296326\" data-element_type=\"widget\" data-widget_type=\"text-editor.default\">\n\t\t\t\t\t\t\t\t\t<h2>Rundg\u00e4nge, Ausfl\u00fcge &amp; Themenf\u00fchrungen<\/h2><h2 class=\"guiding-feed\">Tarife der Fremdenf\u00fchrerin Carol Howard ohne Eintritte oder Buskosten<\/h2>\t\t\t\t\t\t\t\t<\/div>\n\t\t\t\t<div class=\"elementor-element elementor-element-aa49b55 elementor-widget elementor-widget-text-editor\" data-id=\"aa49b55\" data-element_type=\"widget\" data-widget_type=\"text-editor.default\">\n\t\t\t\t\t\t\t\t\t<div class=\"tour-pricing\"><div class=\"tp-content\"><div class=\"tp-template\"><div class=\"tour-price-sec\">\n  <div class=\"row\">\n    \t<div class=\"col-md-6 col-sm-12\">\n    \t<div class=\"tour-price-item\">\n        \t<div class=\"tour-price-inner\">\n            <div class=\"price-icon\">\n            \t<div class=\"image\">\n                \t\t\t\t\t<img decoding=\"async\" src=\"https:\/\/www.carolhowardtouristguide.com\/wp-content\/uploads\/2017\/07\/jane.png\" alt=\"VORMITTAGSF\u00dcHRUNGEN\" \/>\n                <\/div>\n                <h3 class=\"price-title\">VORMITTAGSF\u00dcHRUNGEN<\/h3>\n            <\/div>\n            <div class=\"price-content\">\n            \t<div class=\"rate-txt\">Fremdsprachen, einschlie\u00dflich Deutsch<\/div>\n                <div class=\"price-sec\">\n                \t<span class=\"symbol\">\u00a3<\/span>\n                    <span class=\"price\">258<\/span>\n                <\/div>\n                <div class=\"description\">\n                \tVormittagsf\u00fchrungen werden bis 13:00 beendet.                <\/div>\n            <\/div>\n            <div class=\"price-contact\">\n            \t<div class=\"more-btn-sec\">\n                                 <a class=\"btn-hover\" href=\"https:\/\/www.carolhowardtouristguide.com\/de\/kontakt\/\">CONTACT<\/a>\n                <\/div>\n            <\/div>\n            <div class=\"clear\"><\/div>\n                        <div class=\"note\">\n                \n            <\/div>\n            <\/div>\n        <\/div>\n    <\/div>\n    \t<div class=\"col-md-6 col-sm-12\">\n    \t<div class=\"tour-price-item\">\n        \t<div class=\"tour-price-inner\">\n            <div class=\"price-icon\">\n            \t<div class=\"image\">\n                \t\t\t\t\t<img decoding=\"async\" src=\"https:\/\/www.carolhowardtouristguide.com\/wp-content\/uploads\/2017\/07\/london-attr-min.png\" alt=\"NACHMITTAGSF\u00dcHRUNGEN\" \/>\n                <\/div>\n                <h3 class=\"price-title\">NACHMITTAGSF\u00dcHRUNGEN<\/h3>\n            <\/div>\n            <div class=\"price-content\">\n            \t<div class=\"rate-txt\">Fremdsprachen, einschlie\u00dflich Deutsch<\/div>\n                <div class=\"price-sec\">\n                \t<span class=\"symbol\">\u00a3<\/span>\n                    <span class=\"price\">258<\/span>\n                <\/div>\n                <div class=\"description\">\n                \tNachmittagsf\u00fchrungen werden ab 13:30 begonnen.                <\/div>\n            <\/div>\n            <div class=\"price-contact\">\n            \t<div class=\"more-btn-sec\">\n                                 <a class=\"btn-hover\" href=\"https:\/\/www.carolhowardtouristguide.com\/de\/kontakt\/\">CONTACT<\/a>\n                <\/div>\n            <\/div>\n            <div class=\"clear\"><\/div>\n                        <div class=\"note\">\n                \n            <\/div>\n            <\/div>\n        <\/div>\n    <\/div>\n    \t<div class=\"col-md-6 col-sm-12\">\n    \t<div class=\"tour-price-item\">\n        \t<div class=\"tour-price-inner\">\n            <div class=\"price-icon\">\n            \t<div class=\"image\">\n                \t\t\t\t\t<img decoding=\"async\" src=\"https:\/\/www.carolhowardtouristguide.com\/wp-content\/uploads\/2017\/07\/dikens.png\" alt=\"GANZTAGS &#8211; F\u00dcHRUNGEN\" \/>\n                <\/div>\n                <h3 class=\"price-title\">GANZTAGS &#8211; F\u00dcHRUNGEN<\/h3>\n            <\/div>\n            <div class=\"price-content\">\n            \t<div class=\"rate-txt\">Fremdsprachen, einschlie\u00dflich Deutsch<\/div>\n                <div class=\"price-sec\">\n                \t<span class=\"symbol\">\u00a3<\/span>\n                    <span class=\"price\">431<\/span>\n                <\/div>\n                <div class=\"description\">\n                \tAb 9 Arbeitsstunden sind \u00dcberstunden zu bezahlen                <\/div>\n            <\/div>\n            <div class=\"price-contact\">\n            \t<div class=\"more-btn-sec\">\n                                 <a class=\"btn-hover\" href=\"https:\/\/www.carolhowardtouristguide.com\/de\/kontakt\/\">CONTACT<\/a>\n                <\/div>\n            <\/div>\n            <div class=\"clear\"><\/div>\n                        <div class=\"note\">\n                \n            <\/div>\n            <\/div>\n        <\/div>\n    <\/div>\n  <\/div>\n<\/div>\n<script type=\"text\/javascript\">\njQuery(document).ready(function($) {\n    \/\/equalheight('.tour-price-sec .tour-price-inner');\n\n    jQuery(window).resize(function(){\n        setTimeout(function() {\n            if(jQuery(window).width()>768){\n                \/\/equalheight('.tour-price-sec .tour-price-inner');\n            }\n            else{\n                jQuery('.tour-price-sec .tour-price-inner').css('height', 'auto');\n            }\n        },300);\n    });\n});\n<\/script><\/div><\/div><\/div>\t\t\t\t\t\t\t\t<\/div>\n\t\t\t\t<div class=\"elementor-element elementor-element-76317e3 elementor-widget elementor-widget-text-editor\" data-id=\"76317e3\" data-element_type=\"widget\" data-widget_type=\"text-editor.default\">\n\t\t\t\t\t\t\t\t\t<p><span lang=\"DE\">Bei Stadtrundg\u00e4ngen max. 25 Personen pro Gruppe; bei Rundg\u00e4ngen in Galerien, Museen und Kirchen max. 20 Personen pro Gruppe.<\/span><\/p><h2 class=\"p-bold\">STORNIERUNGSTARIFE<\/h2><p class=\"mrg0-B\">Bei Stornierungen 10 bis 5 Tage vor Termin betr\u00e4gt der Tarif 50% der Geb\u00fchren.<\/p><p>Bei Stornierungen 4 Tage (96 Stunden) oder weniger vor Termin betr\u00e4gt der Tarif 100% der Geb\u00fchren.<\/p>\t\t\t\t\t\t\t\t<\/div>\n\t\t\t\t\t<\/div>\n\t\t\t\t<\/div>\n\t\t<div class=\"elementor-element elementor-element-2a2c311 e-flex e-con-boxed e-con e-parent\" data-id=\"2a2c311\" data-element_type=\"container\">\n\t\t\t\t\t<div class=\"e-con-inner\">\n\t\t\t\t\t<\/div>\n\t\t\t\t<\/div>\n\t\t\t\t<\/div>\n\t\t","protected":false},"excerpt":{"rendered":"<p>Aktuelle Honorarliste 1. APRIL 2026 \u2013 31. M\u00c4RZ 2027 Rundg\u00e4nge, Ausfl\u00fcge &amp; Themenf\u00fchrungen Tarife der Fremdenf\u00fchrerin Carol Howard ohne Eintritte oder Buskosten Bei Stadtrundg\u00e4ngen max. 25 Personen pro Gruppe; bei Rundg\u00e4ngen in Galerien, Museen und Kirchen max. 20 Personen pro Gruppe. STORNIERUNGSTARIFE Bei Stornierungen 10 bis 5 Tage vor Termin betr\u00e4gt der Tarif 50% der [&hellip;]<\/p>\n","protected":false},"author":1,"featured_media":0,"parent":0,"menu_order":0,"comment_status":"closed","ping_status":"closed","template":"","meta":{"footnotes":""},"class_list":["post-179","page","type-page","status-publish","hentry"],"yoast_head":"<!-- This site is optimized with the Yoast SEO plugin v25.6 - https:\/\/yoast.com\/wordpress\/plugins\/seo\/ -->\n<title>Tourpreise f\u00fcr gef\u00fchrte Halb- und Ganztagestouren - Carol Howard<\/title>\n<meta name=\"description\" content=\"Informieren Sie sich \u00fcber die F\u00fchrungsgeb\u00fchren von Carol Howard f\u00fcr Ausfl\u00fcge und Themenf\u00fchrungen sowie die Stornierungsbedingungen. Fordern Sie noch heute Preise f\u00fcr fremdsprachige F\u00fchrungen an!\" \/>\n<meta name=\"robots\" content=\"index, follow, max-snippet:-1, max-image-preview:large, max-video-preview:-1\" \/>\n<link rel=\"canonical\" href=\"https:\/\/www.carolhowardtouristguide.com\/de\/preisgestaltung\/\" \/>\n<meta name=\"twitter:label1\" content=\"Gesch\u00e4tzte Lesezeit\" \/>\n\t<meta name=\"twitter:data1\" content=\"2\u00a0Minuten\" \/>\n<script type=\"application\/ld+json\" class=\"yoast-schema-graph\">{\"@context\":\"https:\/\/schema.org\",\"@graph\":[{\"@type\":\"WebPage\",\"@id\":\"https:\/\/www.carolhowardtouristguide.com\/de\/preisgestaltung\/\",\"url\":\"https:\/\/www.carolhowardtouristguide.com\/de\/preisgestaltung\/\",\"name\":\"Tourpreise f\u00fcr gef\u00fchrte Halb- und Ganztagestouren - Carol Howard\",\"isPartOf\":{\"@id\":\"https:\/\/www.carolhowardtouristguide.com\/de\/#website\"},\"datePublished\":\"2017-07-14T12:53:35+00:00\",\"dateModified\":\"2026-02-23T14:24:50+00:00\",\"description\":\"Informieren Sie sich \u00fcber die F\u00fchrungsgeb\u00fchren von Carol Howard f\u00fcr Ausfl\u00fcge und Themenf\u00fchrungen sowie die Stornierungsbedingungen. Fordern Sie noch heute Preise f\u00fcr fremdsprachige F\u00fchrungen an!\",\"breadcrumb\":{\"@id\":\"https:\/\/www.carolhowardtouristguide.com\/de\/preisgestaltung\/#breadcrumb\"},\"inLanguage\":\"de\",\"potentialAction\":[{\"@type\":\"ReadAction\",\"target\":[\"https:\/\/www.carolhowardtouristguide.com\/de\/preisgestaltung\/\"]}]},{\"@type\":\"BreadcrumbList\",\"@id\":\"https:\/\/www.carolhowardtouristguide.com\/de\/preisgestaltung\/#breadcrumb\",\"itemListElement\":[{\"@type\":\"ListItem\",\"position\":1,\"name\":\"Home\",\"item\":\"https:\/\/www.carolhowardtouristguide.com\/de\/\"},{\"@type\":\"ListItem\",\"position\":2,\"name\":\"Preisgestaltung\"}]},{\"@type\":\"WebSite\",\"@id\":\"https:\/\/www.carolhowardtouristguide.com\/de\/#website\",\"url\":\"https:\/\/www.carolhowardtouristguide.com\/de\/\",\"name\":\"Carol Howard Tours \u2013 Blue Badge Tourist Guides London\",\"description\":\"Tourist Guide: Blue Badge Tours of London\",\"publisher\":{\"@id\":\"https:\/\/www.carolhowardtouristguide.com\/de\/#organization\"},\"potentialAction\":[{\"@type\":\"SearchAction\",\"target\":{\"@type\":\"EntryPoint\",\"urlTemplate\":\"https:\/\/www.carolhowardtouristguide.com\/de\/?s={search_term_string}\"},\"query-input\":{\"@type\":\"PropertyValueSpecification\",\"valueRequired\":true,\"valueName\":\"search_term_string\"}}],\"inLanguage\":\"de\"},{\"@type\":\"Organization\",\"@id\":\"https:\/\/www.carolhowardtouristguide.com\/de\/#organization\",\"name\":\"Carol Howard Tours \u2013 Blue Badge Tourist Guides London\",\"url\":\"https:\/\/www.carolhowardtouristguide.com\/de\/\",\"logo\":{\"@type\":\"ImageObject\",\"inLanguage\":\"de\",\"@id\":\"https:\/\/www.carolhowardtouristguide.com\/de\/#\/schema\/logo\/image\/\",\"url\":\"https:\/\/www.carolhowardtouristguide.com\/wp-content\/uploads\/2025\/07\/logo-2.png\",\"contentUrl\":\"https:\/\/www.carolhowardtouristguide.com\/wp-content\/uploads\/2025\/07\/logo-2.png\",\"width\":500,\"height\":174,\"caption\":\"Carol Howard Tours \u2013 Blue Badge Tourist Guides London\"},\"image\":{\"@id\":\"https:\/\/www.carolhowardtouristguide.com\/de\/#\/schema\/logo\/image\/\"}}]}<\/script>\n<!-- \/ Yoast SEO plugin. -->","yoast_head_json":{"title":"Tourpreise f\u00fcr gef\u00fchrte Halb- und Ganztagestouren - Carol Howard","description":"Informieren Sie sich \u00fcber die F\u00fchrungsgeb\u00fchren von Carol Howard f\u00fcr Ausfl\u00fcge und Themenf\u00fchrungen sowie die Stornierungsbedingungen. Fordern Sie noch heute Preise f\u00fcr fremdsprachige F\u00fchrungen an!","robots":{"index":"index","follow":"follow","max-snippet":"max-snippet:-1","max-image-preview":"max-image-preview:large","max-video-preview":"max-video-preview:-1"},"canonical":"https:\/\/www.carolhowardtouristguide.com\/de\/preisgestaltung\/","twitter_misc":{"Gesch\u00e4tzte Lesezeit":"2\u00a0Minuten"},"schema":{"@context":"https:\/\/schema.org","@graph":[{"@type":"WebPage","@id":"https:\/\/www.carolhowardtouristguide.com\/de\/preisgestaltung\/","url":"https:\/\/www.carolhowardtouristguide.com\/de\/preisgestaltung\/","name":"Tourpreise f\u00fcr gef\u00fchrte Halb- und Ganztagestouren - Carol Howard","isPartOf":{"@id":"https:\/\/www.carolhowardtouristguide.com\/de\/#website"},"datePublished":"2017-07-14T12:53:35+00:00","dateModified":"2026-02-23T14:24:50+00:00","description":"Informieren Sie sich \u00fcber die F\u00fchrungsgeb\u00fchren von Carol Howard f\u00fcr Ausfl\u00fcge und Themenf\u00fchrungen sowie die Stornierungsbedingungen. Fordern Sie noch heute Preise f\u00fcr fremdsprachige F\u00fchrungen an!","breadcrumb":{"@id":"https:\/\/www.carolhowardtouristguide.com\/de\/preisgestaltung\/#breadcrumb"},"inLanguage":"de","potentialAction":[{"@type":"ReadAction","target":["https:\/\/www.carolhowardtouristguide.com\/de\/preisgestaltung\/"]}]},{"@type":"BreadcrumbList","@id":"https:\/\/www.carolhowardtouristguide.com\/de\/preisgestaltung\/#breadcrumb","itemListElement":[{"@type":"ListItem","position":1,"name":"Home","item":"https:\/\/www.carolhowardtouristguide.com\/de\/"},{"@type":"ListItem","position":2,"name":"Preisgestaltung"}]},{"@type":"WebSite","@id":"https:\/\/www.carolhowardtouristguide.com\/de\/#website","url":"https:\/\/www.carolhowardtouristguide.com\/de\/","name":"Carol Howard Tours \u2013 Blue Badge Tourist Guides London","description":"Tourist Guide: Blue Badge Tours of London","publisher":{"@id":"https:\/\/www.carolhowardtouristguide.com\/de\/#organization"},"potentialAction":[{"@type":"SearchAction","target":{"@type":"EntryPoint","urlTemplate":"https:\/\/www.carolhowardtouristguide.com\/de\/?s={search_term_string}"},"query-input":{"@type":"PropertyValueSpecification","valueRequired":true,"valueName":"search_term_string"}}],"inLanguage":"de"},{"@type":"Organization","@id":"https:\/\/www.carolhowardtouristguide.com\/de\/#organization","name":"Carol Howard Tours \u2013 Blue Badge Tourist Guides London","url":"https:\/\/www.carolhowardtouristguide.com\/de\/","logo":{"@type":"ImageObject","inLanguage":"de","@id":"https:\/\/www.carolhowardtouristguide.com\/de\/#\/schema\/logo\/image\/","url":"https:\/\/www.carolhowardtouristguide.com\/wp-content\/uploads\/2025\/07\/logo-2.png","contentUrl":"https:\/\/www.carolhowardtouristguide.com\/wp-content\/uploads\/2025\/07\/logo-2.png","width":500,"height":174,"caption":"Carol Howard Tours \u2013 Blue Badge Tourist Guides London"},"image":{"@id":"https:\/\/www.carolhowardtouristguide.com\/de\/#\/schema\/logo\/image\/"}}]}},"_links":{"self":[{"href":"https:\/\/www.carolhowardtouristguide.com\/de\/wp-json\/wp\/v2\/pages\/179","targetHints":{"allow":["GET"]}}],"collection":[{"href":"https:\/\/www.carolhowardtouristguide.com\/de\/wp-json\/wp\/v2\/pages"}],"about":[{"href":"https:\/\/www.carolhowardtouristguide.com\/de\/wp-json\/wp\/v2\/types\/page"}],"author":[{"embeddable":true,"href":"https:\/\/www.carolhowardtouristguide.com\/de\/wp-json\/wp\/v2\/users\/1"}],"replies":[{"embeddable":true,"href":"https:\/\/www.carolhowardtouristguide.com\/de\/wp-json\/wp\/v2\/comments?post=179"}],"version-history":[{"count":19,"href":"https:\/\/www.carolhowardtouristguide.com\/de\/wp-json\/wp\/v2\/pages\/179\/revisions"}],"predecessor-version":[{"id":2216,"href":"https:\/\/www.carolhowardtouristguide.com\/de\/wp-json\/wp\/v2\/pages\/179\/revisions\/2216"}],"wp:attachment":[{"href":"https:\/\/www.carolhowardtouristguide.com\/de\/wp-json\/wp\/v2\/media?parent=179"}],"curies":[{"name":"wp","href":"https:\/\/api.w.org\/{rel}","templated":true}]}}