{"id":188,"date":"2017-07-17T05:02:26","date_gmt":"2017-07-17T05:02:26","guid":{"rendered":"https:\/\/www.carolhowardtouristguide.com\/contact\/"},"modified":"2025-07-29T08:52:02","modified_gmt":"2025-07-29T08:52:02","slug":"kontakt","status":"publish","type":"page","link":"https:\/\/www.carolhowardtouristguide.com\/de\/kontakt\/","title":{"rendered":"Kontakt"},"content":{"rendered":"\t\t<div data-elementor-type=\"wp-page\" data-elementor-id=\"188\" class=\"elementor elementor-188 elementor-91\" data-elementor-post-type=\"page\">\n\t\t\t\t<div class=\"elementor-element elementor-element-db634c9 e-flex e-con-boxed e-con e-parent\" data-id=\"db634c9\" data-element_type=\"container\">\n\t\t\t\t\t<div class=\"e-con-inner\">\n\t\t\t\t<div class=\"elementor-element elementor-element-6dfcbbc elementor-widget elementor-widget-heading\" data-id=\"6dfcbbc\" data-element_type=\"widget\" data-widget_type=\"heading.default\">\n\t\t\t\t\t<h2 class=\"elementor-heading-title elementor-size-default\">Kontakt<\/h2>\t\t\t\t<\/div>\n\t\t\t\t\t<\/div>\n\t\t\t\t<\/div>\n\t\t<div class=\"elementor-element elementor-element-5451c157 e-grid e-con-boxed e-con e-parent\" data-id=\"5451c157\" data-element_type=\"container\">\n\t\t\t\t\t<div class=\"e-con-inner\">\n\t\t\t\t<div class=\"elementor-element elementor-element-5ccefe17 elementor-widget elementor-widget-text-editor\" data-id=\"5ccefe17\" data-element_type=\"widget\" data-widget_type=\"text-editor.default\">\n\t\t\t\t\t\t\t\t\t<h2 class=\"header-typ2\">Melden Sie sich bei mir<\/h2>\n<div class=\"contact-sec\">\n<div class=\"contact-list media\">\n<div class=\"media-body\">\n<p class=\"phone-num\"><strong>Telefon:<\/strong> <a href=\"tel:+442089947276\">+44 20 8994 7276<\/a><\/p>\n<p class=\"phone-num\"><strong>Mobile:<\/strong> <a href=\"tel:+447752272426\">+44 7752 272 426<\/a><\/p>\n\n<\/div>\n<\/div>\n<div class=\"contact-list media\">\n<div class=\"media-body\">\n\n<strong>E-Mail:<\/strong> <a class=\"mail\" href=\"mailto:carol.bluebadge@btinternet.com\">carol.bluebadge@btinternet.com<\/a>\n\n<\/div>\n<div><strong><a href=\"https:\/\/instagram.com\/carol.bluebadgeguide\" target=\"_blank\" rel=\"noopener\">https:\/\/instagram.com\/carol.bluebadgeguide<\/a><\/strong><\/div>\n<\/div>\n<\/div>\t\t\t\t\t\t\t\t<\/div>\n\t\t\t\t<div class=\"elementor-element elementor-element-d74e386 elementor-widget elementor-widget-text-editor\" data-id=\"d74e386\" data-element_type=\"widget\" data-widget_type=\"text-editor.default\">\n\t\t\t\t\t\t\t\t\t\n<div class=\"wpcf7 no-js\" id=\"wpcf7-f253-o1\" lang=\"en-US\" dir=\"ltr\" data-wpcf7-id=\"253\">\n<div class=\"screen-reader-response\"><p role=\"status\" aria-live=\"polite\" aria-atomic=\"true\"><\/p> <ul><\/ul><\/div>\n<form action=\"\/de\/wp-json\/wp\/v2\/pages\/188#wpcf7-f253-o1\" method=\"post\" class=\"wpcf7-form init\" aria-label=\"Contact form\" novalidate=\"novalidate\" data-status=\"init\">\n<fieldset class=\"hidden-fields-container\"><input type=\"hidden\" name=\"_wpcf7\" value=\"253\" \/><input type=\"hidden\" name=\"_wpcf7_version\" value=\"6.1\" \/><input type=\"hidden\" name=\"_wpcf7_locale\" value=\"en_US\" \/><input type=\"hidden\" name=\"_wpcf7_unit_tag\" value=\"wpcf7-f253-o1\" \/><input type=\"hidden\" name=\"_wpcf7_container_post\" value=\"0\" \/><input type=\"hidden\" name=\"_wpcf7_posted_data_hash\" value=\"\" \/><input type=\"hidden\" name=\"_cf7a__timestamp\" value=\"kS9qyAAu+KgTXMfMU6uXPA==\" \/><input type=\"hidden\" name=\"_cf7a_version\" value=\"1.0\" \/><input type=\"hidden\" name=\"_cf7a_address\" value=\"fWtZmn8l4vuzZ8dgJJsPhQ==\" \/><input type=\"hidden\" name=\"_cf7a_referer\" value=\"ZRztEE7peiO+Ouo6vS+G\/w==\" \/><input type=\"hidden\" name=\"_cf7a_protocol\" value=\"oR6i52PvG1pERLXqR5mARQ==\" \/><input type=\"hidden\" name=\"_cf7a_bot_fingerprint\" value=\"kS9qyAAu+KgTXMfMU6uXPA==\" \/><input type=\"hidden\" name=\"_cf7a_bot_fingerprint_extras\" \/><input type=\"hidden\" name=\"_cf7a_append_on_submit\" \/>\n<\/fieldset>\n<div class=\"cf7-form-type4\">\n\t<div class=\"row\">\n\t\t<div class=\"col-sm-6\">\n\t\t\t<div class=\"form-group\">\n\t\t\t\t<p><label for=\"Name\" class=\"control-label\">Vorname <span class=\"star\">*<\/span><\/label>\n\t\t\t\t<\/p>\n\t\t\t\t<div class=\"field\">\n\t\t\t\t\t<p><span class=\"wpcf7-form-control-wrap\" data-name=\"FirstName\"><input size=\"40\" maxlength=\"400\" class=\"wpcf7-form-control wpcf7-text wpcf7-validates-as-required form-control\" aria-required=\"true\" aria-invalid=\"false\" value=\"\" type=\"text\" name=\"FirstName\" \/><input type=\"text\" name=\"name\" value=\"\" autocomplete=\"fill\" class=\"fit-the-fullspace\" aria-hidden=\"true\" tabindex=\"-1\" \/><\/span>\n\t\t\t\t\t<\/p>\n\t\t\t\t<\/div>\n\t\t\t<\/div>\n\t\t<\/div>\n\t\t<div class=\"col-sm-6\">\n\t\t\t<div class=\"form-group\">\n\t\t\t\t<p><label for=\"Name\" class=\"control-label\">Nachname <span class=\"star\">*<\/span><\/label>\n\t\t\t\t<\/p>\n\t\t\t\t<div class=\"field\">\n\t\t\t\t\t<p><span class=\"wpcf7-form-control-wrap\" data-name=\"Surname\"><input size=\"40\" maxlength=\"400\" class=\"wpcf7-form-control wpcf7-text wpcf7-validates-as-required form-control\" aria-required=\"true\" aria-invalid=\"false\" value=\"\" type=\"text\" name=\"Surname\" \/><input type=\"text\" name=\"email\" value=\"\" autocomplete=\"fill\" class=\"fit-the-fullspace\" aria-hidden=\"true\" tabindex=\"-1\" \/><\/span>\n\t\t\t\t\t<\/p>\n\t\t\t\t<\/div>\n\t\t\t<\/div>\n\t\t<\/div>\n\t\t<div class=\"col-sm-6\">\n\t\t\t<div class=\"form-group\">\n\t\t\t\t<p><label for=\"email\" class=\"control-label\">E-Mail-Adresse <span class=\"star\">*<\/span><\/label>\n\t\t\t\t<\/p>\n\t\t\t\t<div class=\"field\">\n\t\t\t\t\t<p><span class=\"wpcf7-form-control-wrap\" data-name=\"email\"><input size=\"40\" maxlength=\"400\" class=\"wpcf7-form-control wpcf7-email wpcf7-validates-as-required wpcf7-text wpcf7-validates-as-email form-control\" aria-required=\"true\" aria-invalid=\"false\" value=\"\" type=\"email\" name=\"email\" \/><\/span>\n\t\t\t\t\t<\/p>\n\t\t\t\t<\/div>\n\t\t\t<\/div>\n\t\t<\/div>\n\t\t<div class=\"col-sm-6\">\n\t\t\t<div class=\"form-group\">\n\t\t\t\t<p><label for=\"Phone\" class=\"control-label\">Telefonnummer <span class=\"star\">*<\/span><\/label>\n\t\t\t\t<\/p>\n\t\t\t\t<div class=\"field\">\n\t\t\t\t\t<p><span class=\"wpcf7-form-control-wrap\" data-name=\"Phone\"><input size=\"40\" maxlength=\"400\" class=\"wpcf7-form-control wpcf7-tel wpcf7-validates-as-required wpcf7-text wpcf7-validates-as-tel form-control\" aria-required=\"true\" aria-invalid=\"false\" value=\"\" type=\"tel\" name=\"Phone\" \/><\/span>\n\t\t\t\t\t<\/p>\n\t\t\t\t<\/div>\n\t\t\t<\/div>\n\t\t<\/div>\n\t<\/div>\n\t<div class=\"form-group\">\n\t\t<p><label for=\"msg\" class=\"control-label\">Nachricht <span class=\"star\">*<\/span><\/label>\n\t\t<\/p>\n\t\t<div class=\"field\">\n\t\t\t<p><span class=\"wpcf7-form-control-wrap\" data-name=\"msg\"><textarea cols=\"40\" rows=\"10\" maxlength=\"2000\" class=\"wpcf7-form-control wpcf7-textarea wpcf7-validates-as-required form-control\" aria-required=\"true\" aria-invalid=\"false\" name=\"msg\"><\/textarea><\/span>\n\t\t\t<\/p>\n\t\t<\/div>\n\t<\/div>\n\t<div class=\"row\">\n\t\t<div class=\"col-xs-6\">\n\t\t\t<div class=\"form-group\">\n\t\t\t\t<p><span class=\"req-txt\"> Felder mit <span class=\"star\">*<\/span> m\u00fcssen ausgef\u00fcllt werden.<\/span>\n\t\t\t\t<\/p>\n\t\t\t<\/div>\n\t\t<\/div>\n\t\t<div class=\"col-xs-6 btn-wrap text-right\">\n\t\t\t<div class=\"form-group\">\n\t\t\t\t<div class=\"btn-hover\">\n\t\t\t\t\t<p><input class=\"wpcf7-form-control wpcf7-submit has-spinner btn btn-default btn-xs\" type=\"submit\" value=\"Send\" \/>\n\t\t\t\t\t<\/p>\n\t\t\t\t<\/div>\n\t\t\t<\/div>\n\t\t<\/div>\n\t<\/div>\n<\/div><noscript>\n\t\t\t<div class=\"wpcf7-response-output wpcf7-spam-blocked\">Your browser does not support JavaScript!. Please enable javascript in your browser in order to get form work properly.<\/div>\n\t<\/noscript><script type='text\/javascript'>\n\n\t\t\t\t\t\tif(contactform === undefined){\n\t\t\t\t\t\t\tvar contactform = [];\n\t\t\t\t\t\t}\n\t\t\t\t\t\tvar innerVal = [253,'mail_sent_ok','Danke f&uuml;r deine Nachricht. Es wurde gesendet.'];\n\t\t\t\t\t\tcontactform.push(innerVal);\n\t\t\t\t\t\tvar innerVal = [253,'mail_sent_ng','Es gab einen Fehler, der versucht, deine Nachricht zu senden. Bitte versuchen Sie es sp&auml;ter noch einmal.'];\n\t\t\t\t\t\tcontactform.push(innerVal);\n\t\t\t\t\t\tvar innerVal = [253,'validation_error','Ein oder mehrere Felder haben einen Fehler. Bitte &uuml;berpr&uuml;fen und erneut versuchen'];\n\t\t\t\t\t\tcontactform.push(innerVal);\n\t\t\t\t\t\tvar innerVal = [253,'spam','Es gab einen Fehler, der versucht, deine Nachricht zu senden. Bitte versuchen Sie es sp&auml;ter noch einmal.'];\n\t\t\t\t\t\tcontactform.push(innerVal);\n\t\t\t\t\t\tvar innerVal = [253,'accept_terms','Sie m&uuml;ssen die Bedingungen akzeptieren, bevor Sie Ihre Nachricht senden.'];\n\t\t\t\t\t\tcontactform.push(innerVal);\n\t\t\t\t\t\tvar innerVal = [253,'invalid_required','Das Feld wird ben&ouml;tigt.'];\n\t\t\t\t\t\tcontactform.push(innerVal);\n\t\t\t\t\t\tvar innerVal = [253,'invalid_too_long','Das Feld ist zu lang.'];\n\t\t\t\t\t\tcontactform.push(innerVal);\n\t\t\t\t\t\tvar innerVal = [253,'invalid_too_short','Das Feld ist zu kurz.'];\n\t\t\t\t\t\tcontactform.push(innerVal);\n\t\t\t\t\t\tvar innerVal = [253,'upload_failed','Es gab einen unbekannten Fehler beim Hochladen der Datei.'];\n\t\t\t\t\t\tcontactform.push(innerVal);\n\t\t\t\t\t\tvar innerVal = [253,'upload_file_type_invalid','Sie d&uuml;rfen keine Dateien dieses Typs hochladen.'];\n\t\t\t\t\t\tcontactform.push(innerVal);\n\t\t\t\t\t\tvar innerVal = [253,'upload_file_too_large','Die Datei ist zu gro&szlig;.'];\n\t\t\t\t\t\tcontactform.push(innerVal);\n\t\t\t\t\t\tvar innerVal = [253,'upload_failed_php_error','Beim Laden der Datei ist ein Fehler aufgetreten.'];\n\t\t\t\t\t\tcontactform.push(innerVal);\n\t\t\t\t\t\tvar innerVal = [253,'invalid_date','Das Datumsformat ist falsch.'];\n\t\t\t\t\t\tcontactform.push(innerVal);\n\t\t\t\t\t\tvar innerVal = [253,'date_too_early','Das Datum ist vor dem fr&uuml;hesten erlaubt.'];\n\t\t\t\t\t\tcontactform.push(innerVal);\n\t\t\t\t\t\tvar innerVal = [253,'date_too_late','Das Datum ist nach dem letzten erlaubt.'];\n\t\t\t\t\t\tcontactform.push(innerVal);\n\t\t\t\t\t\tvar innerVal = [253,'invalid_number','Das Zahlenformat ist ung&uuml;ltig.'];\n\t\t\t\t\t\tcontactform.push(innerVal);\n\t\t\t\t\t\tvar innerVal = [253,'number_too_small','Die Zahl ist kleiner als das Minimum erlaubt.'];\n\t\t\t\t\t\tcontactform.push(innerVal);\n\t\t\t\t\t\tvar innerVal = [253,'number_too_large','Die Zahl ist gr&ouml;&szlig;er als die maximal zul&auml;ssige.'];\n\t\t\t\t\t\tcontactform.push(innerVal);\n\t\t\t\t\t\tvar innerVal = [253,'quiz_answer_not_correct','Die Antwort auf das Quiz ist falsch.'];\n\t\t\t\t\t\tcontactform.push(innerVal);\n\t\t\t\t\t\tvar innerVal = [253,'invalid_email','Eingegebene E-Mail ist ung&uuml;ltig.'];\n\t\t\t\t\t\tcontactform.push(innerVal);\n\t\t\t\t\t\tvar innerVal = [253,'invalid_url','Die URL ist ung&uuml;ltig.'];\n\t\t\t\t\t\tcontactform.push(innerVal);\n\t\t\t\t\t\tvar innerVal = [253,'invalid_tel','Zahl ist ung&uuml;ltig.'];\n\t\t\t\t\t\tcontactform.push(innerVal);\n\t\t\t\t\t\tvar innerVal = [253,'gdpr',''];\n\t\t\t\t\t\tcontactform.push(innerVal);\n\t\t\t\t\t\t<\/script><div class=\"wpcf7-response-output\" aria-hidden=\"true\"><\/div>\n<\/form>\n<\/div>\n\t\t\t\t\t\t\t\t<\/div>\n\t\t\t\t\t<\/div>\n\t\t\t\t<\/div>\n\t\t\t\t<\/div>\n\t\t","protected":false},"excerpt":{"rendered":"<p>Kontakt Melden Sie sich bei mir Telefon: +44 20 8994 7276 Mobile: +44 7752 272 426 E-Mail: carol.bluebadge@btinternet.com https:\/\/instagram.com\/carol.bluebadgeguide<\/p>\n","protected":false},"author":1,"featured_media":0,"parent":0,"menu_order":0,"comment_status":"closed","ping_status":"closed","template":"","meta":{"footnotes":""},"class_list":["post-188","page","type-page","status-publish","hentry"],"yoast_head":"<!-- This site is optimized with the Yoast SEO plugin v25.6 - https:\/\/yoast.com\/wordpress\/plugins\/seo\/ -->\n<title>Kontaktieren Sie Carol Howard f\u00fcr gef\u00fchrte Themen- und Wandertouren<\/title>\n<meta name=\"description\" content=\"Um mehr \u00fcber unsere F\u00fchrungen zu erfahren oder eine Tour zu buchen, kontaktieren Sie uns telefonisch oder f\u00fcllen Sie das Formular aus. Wir beantworten gerne alle Ihre Fragen. Schreiben Sie uns noch heute eine E-Mail!\" \/>\n<meta name=\"robots\" content=\"index, follow, max-snippet:-1, max-image-preview:large, max-video-preview:-1\" \/>\n<link rel=\"canonical\" href=\"https:\/\/www.carolhowardtouristguide.com\/de\/kontakt\/\" \/>\n<meta name=\"twitter:label1\" content=\"Gesch\u00e4tzte Lesezeit\" \/>\n\t<meta name=\"twitter:data1\" content=\"1\u00a0Minute\" \/>\n<script type=\"application\/ld+json\" class=\"yoast-schema-graph\">{\"@context\":\"https:\/\/schema.org\",\"@graph\":[{\"@type\":\"WebPage\",\"@id\":\"https:\/\/www.carolhowardtouristguide.com\/de\/kontakt\/\",\"url\":\"https:\/\/www.carolhowardtouristguide.com\/de\/kontakt\/\",\"name\":\"Kontaktieren Sie Carol Howard f\u00fcr gef\u00fchrte Themen- und Wandertouren\",\"isPartOf\":{\"@id\":\"https:\/\/www.carolhowardtouristguide.com\/de\/#website\"},\"datePublished\":\"2017-07-17T05:02:26+00:00\",\"dateModified\":\"2025-07-29T08:52:02+00:00\",\"description\":\"Um mehr \u00fcber unsere F\u00fchrungen zu erfahren oder eine Tour zu buchen, kontaktieren Sie uns telefonisch oder f\u00fcllen Sie das Formular aus. Wir beantworten gerne alle Ihre Fragen. Schreiben Sie uns noch heute eine E-Mail!\",\"breadcrumb\":{\"@id\":\"https:\/\/www.carolhowardtouristguide.com\/de\/kontakt\/#breadcrumb\"},\"inLanguage\":\"de\",\"potentialAction\":[{\"@type\":\"ReadAction\",\"target\":[\"https:\/\/www.carolhowardtouristguide.com\/de\/kontakt\/\"]}]},{\"@type\":\"BreadcrumbList\",\"@id\":\"https:\/\/www.carolhowardtouristguide.com\/de\/kontakt\/#breadcrumb\",\"itemListElement\":[{\"@type\":\"ListItem\",\"position\":1,\"name\":\"Home\",\"item\":\"https:\/\/www.carolhowardtouristguide.com\/de\/\"},{\"@type\":\"ListItem\",\"position\":2,\"name\":\"Kontakt\"}]},{\"@type\":\"WebSite\",\"@id\":\"https:\/\/www.carolhowardtouristguide.com\/de\/#website\",\"url\":\"https:\/\/www.carolhowardtouristguide.com\/de\/\",\"name\":\"Carol Howard Tours \u2013 Blue Badge Tourist Guides London\",\"description\":\"Tourist Guide: Blue Badge Tours of London\",\"publisher\":{\"@id\":\"https:\/\/www.carolhowardtouristguide.com\/de\/#organization\"},\"potentialAction\":[{\"@type\":\"SearchAction\",\"target\":{\"@type\":\"EntryPoint\",\"urlTemplate\":\"https:\/\/www.carolhowardtouristguide.com\/de\/?s={search_term_string}\"},\"query-input\":{\"@type\":\"PropertyValueSpecification\",\"valueRequired\":true,\"valueName\":\"search_term_string\"}}],\"inLanguage\":\"de\"},{\"@type\":\"Organization\",\"@id\":\"https:\/\/www.carolhowardtouristguide.com\/de\/#organization\",\"name\":\"Carol Howard Tours \u2013 Blue Badge Tourist Guides London\",\"url\":\"https:\/\/www.carolhowardtouristguide.com\/de\/\",\"logo\":{\"@type\":\"ImageObject\",\"inLanguage\":\"de\",\"@id\":\"https:\/\/www.carolhowardtouristguide.com\/de\/#\/schema\/logo\/image\/\",\"url\":\"https:\/\/www.carolhowardtouristguide.com\/wp-content\/uploads\/2025\/07\/logo-2.png\",\"contentUrl\":\"https:\/\/www.carolhowardtouristguide.com\/wp-content\/uploads\/2025\/07\/logo-2.png\",\"width\":500,\"height\":174,\"caption\":\"Carol Howard Tours \u2013 Blue Badge Tourist Guides London\"},\"image\":{\"@id\":\"https:\/\/www.carolhowardtouristguide.com\/de\/#\/schema\/logo\/image\/\"}}]}<\/script>\n<!-- \/ Yoast SEO plugin. -->","yoast_head_json":{"title":"Kontaktieren Sie Carol Howard f\u00fcr gef\u00fchrte Themen- und Wandertouren","description":"Um mehr \u00fcber unsere F\u00fchrungen zu erfahren oder eine Tour zu buchen, kontaktieren Sie uns telefonisch oder f\u00fcllen Sie das Formular aus. Wir beantworten gerne alle Ihre Fragen. Schreiben Sie uns noch heute eine E-Mail!","robots":{"index":"index","follow":"follow","max-snippet":"max-snippet:-1","max-image-preview":"max-image-preview:large","max-video-preview":"max-video-preview:-1"},"canonical":"https:\/\/www.carolhowardtouristguide.com\/de\/kontakt\/","twitter_misc":{"Gesch\u00e4tzte Lesezeit":"1\u00a0Minute"},"schema":{"@context":"https:\/\/schema.org","@graph":[{"@type":"WebPage","@id":"https:\/\/www.carolhowardtouristguide.com\/de\/kontakt\/","url":"https:\/\/www.carolhowardtouristguide.com\/de\/kontakt\/","name":"Kontaktieren Sie Carol Howard f\u00fcr gef\u00fchrte Themen- und Wandertouren","isPartOf":{"@id":"https:\/\/www.carolhowardtouristguide.com\/de\/#website"},"datePublished":"2017-07-17T05:02:26+00:00","dateModified":"2025-07-29T08:52:02+00:00","description":"Um mehr \u00fcber unsere F\u00fchrungen zu erfahren oder eine Tour zu buchen, kontaktieren Sie uns telefonisch oder f\u00fcllen Sie das Formular aus. Wir beantworten gerne alle Ihre Fragen. Schreiben Sie uns noch heute eine E-Mail!","breadcrumb":{"@id":"https:\/\/www.carolhowardtouristguide.com\/de\/kontakt\/#breadcrumb"},"inLanguage":"de","potentialAction":[{"@type":"ReadAction","target":["https:\/\/www.carolhowardtouristguide.com\/de\/kontakt\/"]}]},{"@type":"BreadcrumbList","@id":"https:\/\/www.carolhowardtouristguide.com\/de\/kontakt\/#breadcrumb","itemListElement":[{"@type":"ListItem","position":1,"name":"Home","item":"https:\/\/www.carolhowardtouristguide.com\/de\/"},{"@type":"ListItem","position":2,"name":"Kontakt"}]},{"@type":"WebSite","@id":"https:\/\/www.carolhowardtouristguide.com\/de\/#website","url":"https:\/\/www.carolhowardtouristguide.com\/de\/","name":"Carol Howard Tours \u2013 Blue Badge Tourist Guides London","description":"Tourist Guide: Blue Badge Tours of London","publisher":{"@id":"https:\/\/www.carolhowardtouristguide.com\/de\/#organization"},"potentialAction":[{"@type":"SearchAction","target":{"@type":"EntryPoint","urlTemplate":"https:\/\/www.carolhowardtouristguide.com\/de\/?s={search_term_string}"},"query-input":{"@type":"PropertyValueSpecification","valueRequired":true,"valueName":"search_term_string"}}],"inLanguage":"de"},{"@type":"Organization","@id":"https:\/\/www.carolhowardtouristguide.com\/de\/#organization","name":"Carol Howard Tours \u2013 Blue Badge Tourist Guides London","url":"https:\/\/www.carolhowardtouristguide.com\/de\/","logo":{"@type":"ImageObject","inLanguage":"de","@id":"https:\/\/www.carolhowardtouristguide.com\/de\/#\/schema\/logo\/image\/","url":"https:\/\/www.carolhowardtouristguide.com\/wp-content\/uploads\/2025\/07\/logo-2.png","contentUrl":"https:\/\/www.carolhowardtouristguide.com\/wp-content\/uploads\/2025\/07\/logo-2.png","width":500,"height":174,"caption":"Carol Howard Tours \u2013 Blue Badge Tourist Guides London"},"image":{"@id":"https:\/\/www.carolhowardtouristguide.com\/de\/#\/schema\/logo\/image\/"}}]}},"_links":{"self":[{"href":"https:\/\/www.carolhowardtouristguide.com\/de\/wp-json\/wp\/v2\/pages\/188","targetHints":{"allow":["GET"]}}],"collection":[{"href":"https:\/\/www.carolhowardtouristguide.com\/de\/wp-json\/wp\/v2\/pages"}],"about":[{"href":"https:\/\/www.carolhowardtouristguide.com\/de\/wp-json\/wp\/v2\/types\/page"}],"author":[{"embeddable":true,"href":"https:\/\/www.carolhowardtouristguide.com\/de\/wp-json\/wp\/v2\/users\/1"}],"replies":[{"embeddable":true,"href":"https:\/\/www.carolhowardtouristguide.com\/de\/wp-json\/wp\/v2\/comments?post=188"}],"version-history":[{"count":19,"href":"https:\/\/www.carolhowardtouristguide.com\/de\/wp-json\/wp\/v2\/pages\/188\/revisions"}],"predecessor-version":[{"id":1564,"href":"https:\/\/www.carolhowardtouristguide.com\/de\/wp-json\/wp\/v2\/pages\/188\/revisions\/1564"}],"wp:attachment":[{"href":"https:\/\/www.carolhowardtouristguide.com\/de\/wp-json\/wp\/v2\/media?parent=188"}],"curies":[{"name":"wp","href":"https:\/\/api.w.org\/{rel}","templated":true}]}}