{"id":1279,"date":"2025-07-18T11:21:16","date_gmt":"2025-07-18T11:21:16","guid":{"rendered":"https:\/\/www.carolhowardtouristguide.com\/?page_id=1279"},"modified":"2025-08-29T12:44:56","modified_gmt":"2025-08-29T12:44:56","slug":"elementor-1279","status":"publish","type":"page","link":"https:\/\/www.carolhowardtouristguide.com\/fr\/","title":{"rendered":"Home"},"content":{"rendered":"\t\t<div data-elementor-type=\"wp-page\" data-elementor-id=\"1279\" class=\"elementor elementor-1279 elementor-4\" data-elementor-post-type=\"page\">\n\t\t\t\t<div class=\"elementor-element elementor-element-1cc5ebd e-con-full e-flex e-con e-parent\" data-id=\"1cc5ebd\" data-element_type=\"container\" data-settings=\"{&quot;background_background&quot;:&quot;classic&quot;}\">\n\t\t\t\t<div class=\"elementor-element elementor-element-f902186 elementor--h-position-left elementor-widget__width-inherit elementor--v-position-middle elementor-arrows-position-inside elementor-pagination-position-inside elementor-widget elementor-widget-slides\" data-id=\"f902186\" data-element_type=\"widget\" data-settings=\"{&quot;navigation&quot;:&quot;both&quot;,&quot;autoplay&quot;:&quot;yes&quot;,&quot;pause_on_hover&quot;:&quot;yes&quot;,&quot;pause_on_interaction&quot;:&quot;yes&quot;,&quot;autoplay_speed&quot;:5000,&quot;infinite&quot;:&quot;yes&quot;,&quot;transition&quot;:&quot;slide&quot;,&quot;transition_speed&quot;:500}\" data-widget_type=\"slides.default\">\n\t\t\t\t\t\t\t\t\t\t<div class=\"elementor-slides-wrapper elementor-main-swiper swiper\" role=\"region\" aria-roledescription=\"carousel\" aria-label=\"Slides\" dir=\"ltr\" data-animation=\"fadeInUp\">\n\t\t\t\t<div class=\"swiper-wrapper elementor-slides\">\n\t\t\t\t\t\t\t\t\t\t<div class=\"elementor-repeater-item-c7c017e swiper-slide\" role=\"group\" aria-roledescription=\"slide\"><div class=\"swiper-slide-bg\" role=\"img\"><\/div><div class=\"swiper-slide-inner\" ><div class=\"swiper-slide-contents\"><div class=\"elementor-slide-heading\">Carol Howard<\/div><div class=\"elementor-slide-description\"><div class=\"banner-desc\"><div class=\"tour-logo\"><img decoding=\"async\" src=\"\/wp-content\/uploads\/2017\/07\/london-tour-guide.png\" alt=\"london Tour Guide\"><\/div><div class=\"tour-description\"><span class=\"tourist-desc\">Guide touristique, guide Blue Badge, guide touristique professionnel qualifi\u00e9 pour excursions, visites \u00e0 pied et visites th\u00e9matiques<\/span><div class=\"clear\"><\/div><\/div><\/div><\/div><a href=\"\/fr\/contact\" class=\"elementor-button elementor-slide-button elementor-size-sm\">Contactez-moi maintenant<\/a><\/div><\/div><\/div>\t\t\t\t<\/div>\n\t\t\t\t\t\t\t<\/div>\n\t\t\t\t\t\t\t\t<\/div>\n\t\t\t\t<\/div>\n\t\t<div class=\"elementor-element elementor-element-410bc48 e-flex e-con-boxed e-con e-parent\" data-id=\"410bc48\" data-element_type=\"container\">\n\t\t\t\t\t<div class=\"e-con-inner\">\n\t\t<div class=\"elementor-element elementor-element-f54492f e-con-full e-flex e-con e-child\" data-id=\"f54492f\" data-element_type=\"container\">\n\t\t\t\t<div class=\"elementor-element elementor-element-0f27061 elementor-widget elementor-widget-text-editor\" data-id=\"0f27061\" data-element_type=\"widget\" data-widget_type=\"text-editor.default\">\n\t\t\t\t\t\t\t\t\t<h2 class=\"title-type1\">Guide Touristique<\/h2><h4 class=\"sub-text\">Guide Blue Badge, Guide Touristique Professionnel Qualifi\u00e9, Excursions, Visites \u00e0 pied et visites Th\u00e9matiques<\/h4><div class=\"sub-text\">J&rsquo;ai obtenu le titre de guide touristique londonien Blue Badge en 2001, apr\u00e8s avoir travaill\u00e9 \u00e0 l&rsquo;\u00e9tranger comme guide et responsable de circuits touristiques. Je suis qualifi\u00e9 pour guider des visites touristiques en <a href=\"\/\">Anglais<\/a>, <a href=\"\/de\">Allemand,<\/a> <a href=\"\/it\">Italien<\/a> et Fran\u00e7ais.<\/div>\t\t\t\t\t\t\t\t<\/div>\n\t\t\t\t<div class=\"elementor-element elementor-element-3b4f71b elementor-widget elementor-widget-button\" data-id=\"3b4f71b\" data-element_type=\"widget\" data-widget_type=\"button.default\">\n\t\t\t\t\t\t\t\t\t\t<a class=\"elementor-button elementor-button-link elementor-size-sm elementor-animation-grow\" href=\"\/fr\/about-me\">\n\t\t\t\t\t\t<span class=\"elementor-button-content-wrapper\">\n\t\t\t\t\t\t\t\t\t<span class=\"elementor-button-text\"> En savoir plus sur moi<\/span>\n\t\t\t\t\t<\/span>\n\t\t\t\t\t<\/a>\n\t\t\t\t\t\t\t\t<\/div>\n\t\t\t\t<\/div>\n\t\t<div class=\"elementor-element elementor-element-4949e3f e-con-full e-grid e-con e-child\" data-id=\"4949e3f\" data-element_type=\"container\">\n\t\t\t\t<div class=\"elementor-element elementor-element-42e6407 elementor-widget elementor-widget-image\" data-id=\"42e6407\" data-element_type=\"widget\" data-widget_type=\"image.default\">\n\t\t\t\t\t\t\t\t\t\t\t\t\t\t\t<img fetchpriority=\"high\" decoding=\"async\" width=\"458\" height=\"498\" src=\"https:\/\/www.carolhowardtouristguide.com\/wp-content\/uploads\/2025\/07\/gallery2.jpg\" class=\"elementor-animation-grow attachment-full size-full wp-image-964\" alt=\"Tour at Stonehenge\" srcset=\"https:\/\/www.carolhowardtouristguide.com\/wp-content\/uploads\/2025\/07\/gallery2.jpg 458w, https:\/\/www.carolhowardtouristguide.com\/wp-content\/uploads\/2025\/07\/gallery2-276x300.jpg 276w\" sizes=\"(max-width: 458px) 100vw, 458px\" \/>\t\t\t\t\t\t\t\t\t\t\t\t\t\t\t<\/div>\n\t\t\t\t<div class=\"elementor-element elementor-element-cf1d23c elementor-widget elementor-widget-image\" data-id=\"cf1d23c\" data-element_type=\"widget\" data-widget_type=\"image.default\">\n\t\t\t\t\t\t\t\t\t\t\t\t\t\t\t<img decoding=\"async\" width=\"370\" height=\"457\" src=\"https:\/\/www.carolhowardtouristguide.com\/wp-content\/uploads\/2025\/07\/IOTG-logo.png\" class=\"elementor-animation-grow attachment-full size-full wp-image-960\" alt=\"\" srcset=\"https:\/\/www.carolhowardtouristguide.com\/wp-content\/uploads\/2025\/07\/IOTG-logo.png 370w, https:\/\/www.carolhowardtouristguide.com\/wp-content\/uploads\/2025\/07\/IOTG-logo-243x300.png 243w\" sizes=\"(max-width: 370px) 100vw, 370px\" \/>\t\t\t\t\t\t\t\t\t\t\t\t\t\t\t<\/div>\n\t\t\t\t<div class=\"elementor-element elementor-element-a40b295 elementor-widget elementor-widget-image\" data-id=\"a40b295\" data-element_type=\"widget\" data-widget_type=\"image.default\">\n\t\t\t\t\t\t\t\t\t\t\t\t\t\t\t<img decoding=\"async\" width=\"700\" height=\"131\" src=\"https:\/\/www.carolhowardtouristguide.com\/wp-content\/uploads\/2025\/07\/ITGlogo-Member-web.gif\" class=\"attachment-large size-large wp-image-1803\" alt=\"\" \/>\t\t\t\t\t\t\t\t\t\t\t\t\t\t\t<\/div>\n\t\t\t\t<\/div>\n\t\t\t\t\t<\/div>\n\t\t\t\t<\/div>\n\t\t<div class=\"elementor-element elementor-element-4ee113f e-con-full e-flex e-con e-parent\" data-id=\"4ee113f\" data-element_type=\"container\" data-settings=\"{&quot;background_background&quot;:&quot;classic&quot;}\">\n\t\t<div class=\"elementor-element elementor-element-9d39352 e-flex e-con-boxed e-con e-child\" data-id=\"9d39352\" data-element_type=\"container\">\n\t\t\t\t\t<div class=\"e-con-inner\">\n\t\t\t\t<div class=\"elementor-element elementor-element-b2da965 elementor-widget__width-inherit elementor-widget elementor-widget-text-editor\" data-id=\"b2da965\" data-element_type=\"widget\" data-widget_type=\"text-editor.default\">\n\t\t\t\t\t\t\t\t\t<h2 class=\"title-type1 center\">Visites Guid\u00e9es<\/h2><div class=\"tour-guide-area\"><div class=\"home-tour-guides\">\n  \t<div class=\"home-tour-item\">\n    \t<div class=\"inner-tour\">\n        \t<h3 class=\"home-tour-title\">Visites \u00e0 pied en dehors de Londres<\/h3>\n        \t<div class=\"some-content\">\n            \tmore&#8230;            <\/div>\n            <div class=\"more-btn-sec\">\n            \t            \t\t\t<a class=\"btn-hover\" href=\"https:\/\/www.carolhowardtouristguide.com\/fr\/guided-tours\/\">VIEW ALL<\/a>\n            \t            <\/div>\n        <\/div>\n    <\/div>\n  \t<div class=\"home-tour-item\">\n    \t<div class=\"inner-tour\">\n        \t<h3 class=\"home-tour-title\">Attractions de Londres<\/h3>\n        \t<div class=\"some-content\">\n            \tmore&#8230;            <\/div>\n            <div class=\"more-btn-sec\">\n            \t            \t\t\t<a class=\"btn-hover\" href=\"https:\/\/www.carolhowardtouristguide.com\/fr\/guided-tours\/\">VIEW ALL<\/a>\n            \t            <\/div>\n        <\/div>\n    <\/div>\n  \t<div class=\"home-tour-item\">\n    \t<div class=\"inner-tour\">\n        \t<h3 class=\"home-tour-title\">Excursions<\/h3>\n        \t<div class=\"some-content\">\n            \tArundel Castle, Leeds Castle, Brighton,more&#8230;            <\/div>\n            <div class=\"more-btn-sec\">\n            \t            \t\t\t<a class=\"btn-hover\" href=\"https:\/\/www.carolhowardtouristguide.com\/fr\/guided-tours\/\">VIEW ALL<\/a>\n            \t            <\/div>\n        <\/div>\n    <\/div>\n  <\/div>\n<script type=\"text\/javascript\">\njQuery(document).ready(function($){\njQuery('.home-tour-guides').slick({\n\tslidesToShow: 3,\n\tslidesToScroll: 1,\n\tdots:false,\n\tarrows:true,\n\tprevArrow:'<span class=\"post-prev\"><\/span>',\n\tnextArrow:'<span class=\"post-next\"><\/span>',\n\tresponsive: [\n\t{\n\t  breakpoint: 1199,\n\t  settings: {\n\t\tslidesToShow:3,\n\t\tslidesToScroll: 1\n\t  }\n\t},\n\t{\n\t  breakpoint: 991,\n\t  settings: {\n\t\tslidesToShow:2,\n\t\tslidesToScroll: 1\n\t  }\n\t},\n\t{\n\t  breakpoint: 570,\n\t  settings: {\n\t\tslidesToShow:1,\n\t\tslidesToScroll: 1\n\t  }\n\t}\n\t]\n});\n});\n<\/script><\/div>\t\t\t\t\t\t\t\t<\/div>\n\t\t\t\t\t<\/div>\n\t\t\t\t<\/div>\n\t\t\t\t<\/div>\n\t\t<div class=\"elementor-element elementor-element-21194bc e-con-full e-flex e-con e-parent\" data-id=\"21194bc\" data-element_type=\"container\" data-settings=\"{&quot;background_background&quot;:&quot;classic&quot;}\">\n\t\t<div class=\"elementor-element elementor-element-0c2035c e-flex e-con-boxed e-con e-child\" data-id=\"0c2035c\" data-element_type=\"container\">\n\t\t\t\t\t<div class=\"e-con-inner\">\n\t\t\t\t<div class=\"elementor-element elementor-element-942b2b6 elementor-widget__width-inherit elementor-widget elementor-widget-text-editor\" data-id=\"942b2b6\" data-element_type=\"widget\" data-widget_type=\"text-editor.default\">\n\t\t\t\t\t\t\t\t\t<h2 class=\"title-type1 center\">TARIF DU VISITE<\/h2><div class=\"sub-desc\">Frais de guidage factur\u00e9s par Carol Howard, hors frais d&rsquo;entr\u00e9e ou de transport en autocar<\/div><div class=\"tour-price-area\"><div class=\"tour-price-sec\">\n  <div class=\"row\">\n    \t<div class=\"col-md-6 col-sm-12\">\n    \t<div class=\"tour-price-item\">\n        \t<div class=\"tour-price-inner\">\n            <div class=\"price-icon\">\n            \t<div class=\"image\">\n                \t\t\t\t\t<img decoding=\"async\" src=\"https:\/\/www.carolhowardtouristguide.com\/wp-content\/uploads\/2017\/07\/jane.png\" alt=\"VISITES DU MATIN\" \/>\n                <\/div>\n                <h3 class=\"price-title\">VISITES DU MATIN<\/h3>\n            <\/div>\n            <div class=\"price-content\">\n            \t<div class=\"rate-txt\"> Tarif langue fran\u00e7aise<\/div>\n                <div class=\"price-sec\">\n                \t<span class=\"symbol\">\u00a3<\/span>\n                    <span class=\"price\">258<\/span>\n                <\/div>\n                <div class=\"description\">\n                \tLes visites du matin se terminent au plus tard \u00e0 13h00.                <\/div>\n            <\/div>\n            <div class=\"price-contact\">\n            \t<div class=\"more-btn-sec\">\n                                 <a class=\"btn-hover\" href=\"https:\/\/www.carolhowardtouristguide.com\/fr\/contact\/\">CONTACT<\/a>\n                <\/div>\n            <\/div>\n            <div class=\"clear\"><\/div>\n                        <div class=\"note\">\n                \n            <\/div>\n            <\/div>\n        <\/div>\n    <\/div>\n    \t<div class=\"col-md-6 col-sm-12\">\n    \t<div class=\"tour-price-item\">\n        \t<div class=\"tour-price-inner\">\n            <div class=\"price-icon\">\n            \t<div class=\"image\">\n                \t\t\t\t\t<img decoding=\"async\" src=\"https:\/\/www.carolhowardtouristguide.com\/wp-content\/uploads\/2017\/07\/jane.png\" alt=\"EXCURSIONS DE L&rsquo;APR\u00c8S-MIDI\" \/>\n                <\/div>\n                <h3 class=\"price-title\">EXCURSIONS DE L&rsquo;APR\u00c8S-MIDI<\/h3>\n            <\/div>\n            <div class=\"price-content\">\n            \t<div class=\"rate-txt\">French language rate<\/div>\n                <div class=\"price-sec\">\n                \t<span class=\"symbol\">\u00a3<\/span>\n                    <span class=\"price\">258<\/span>\n                <\/div>\n                <div class=\"description\">\n                \tLes visites de l\u2019apr\u00e8s-midi commencent \u00e0 13h30.                <\/div>\n            <\/div>\n            <div class=\"price-contact\">\n            \t<div class=\"more-btn-sec\">\n                                 <a class=\"btn-hover\" href=\"https:\/\/www.carolhowardtouristguide.com\/fr\/contact\/\">CONTACT<\/a>\n                <\/div>\n            <\/div>\n            <div class=\"clear\"><\/div>\n                        <div class=\"note\">\n                \n            <\/div>\n            <\/div>\n        <\/div>\n    <\/div>\n    \t<div class=\"col-md-6 col-sm-12\">\n    \t<div class=\"tour-price-item\">\n        \t<div class=\"tour-price-inner\">\n            <div class=\"price-icon\">\n            \t<div class=\"image\">\n                \t\t\t\t\t<img decoding=\"async\" src=\"https:\/\/www.carolhowardtouristguide.com\/wp-content\/uploads\/2017\/07\/dikens.png\" alt=\"JOURN\u00c9E COMPL\u00c8TE\" \/>\n                <\/div>\n                <h3 class=\"price-title\">JOURN\u00c9E COMPL\u00c8TE<\/h3>\n            <\/div>\n            <div class=\"price-content\">\n            \t<div class=\"rate-txt\"> Tarif langue fran\u00e7aise<\/div>\n                <div class=\"price-sec\">\n                \t<span class=\"symbol\">\u00a3<\/span>\n                    <span class=\"price\">431<\/span>\n                <\/div>\n                <div class=\"description\">\n                \t                <\/div>\n            <\/div>\n            <div class=\"price-contact\">\n            \t<div class=\"more-btn-sec\">\n                                 <a class=\"btn-hover\" href=\"https:\/\/www.carolhowardtouristguide.com\/fr\/contact\/\">CONTACT<\/a>\n                <\/div>\n            <\/div>\n            <div class=\"clear\"><\/div>\n                        <div class=\"note\">\n                                    (Des frais suppl\u00e9mentaires s&rsquo;appliquent aux visites en langue \u00e9trang\u00e8re)\n                \n            <\/div>\n            <\/div>\n        <\/div>\n    <\/div>\n  <\/div>\n<\/div>\n<script type=\"text\/javascript\">\njQuery(document).ready(function($) {\n    \/\/equalheight('.tour-price-sec .tour-price-inner');\n\n    jQuery(window).resize(function(){\n        setTimeout(function() {\n            if(jQuery(window).width()>768){\n                \/\/equalheight('.tour-price-sec .tour-price-inner');\n            }\n            else{\n                jQuery('.tour-price-sec .tour-price-inner').css('height', 'auto');\n            }\n        },300);\n    });\n});\n<\/script><\/div>\t\t\t\t\t\t\t\t<\/div>\n\t\t\t\t\t<\/div>\n\t\t\t\t<\/div>\n\t\t\t\t<\/div>\n\t\t\t\t<\/div>\n\t\t","protected":false},"excerpt":{"rendered":"<p>Carol HowardGuide touristique, guide Blue Badge, guide touristique professionnel qualifi\u00e9 pour excursions, visites \u00e0 pied et visites th\u00e9matiquesContactez-moi maintenant Guide Touristique Guide Blue Badge, Guide Touristique Professionnel Qualifi\u00e9, Excursions, Visites \u00e0 pied et visites Th\u00e9matiques J&rsquo;ai obtenu le titre de guide touristique londonien Blue Badge en 2001, apr\u00e8s avoir travaill\u00e9 \u00e0 l&rsquo;\u00e9tranger comme guide et [&hellip;]<\/p>\n","protected":false},"author":1,"featured_media":0,"parent":0,"menu_order":0,"comment_status":"closed","ping_status":"closed","template":"","meta":{"footnotes":""},"class_list":["post-1279","page","type-page","status-publish","hentry"],"yoast_head":"<!-- This site is optimized with the Yoast SEO plugin v25.6 - https:\/\/yoast.com\/wordpress\/plugins\/seo\/ -->\n<title>Home - Carol Howard Tours \u2013 Blue Badge Tourist Guides London<\/title>\n<meta name=\"robots\" content=\"index, follow, max-snippet:-1, max-image-preview:large, max-video-preview:-1\" \/>\n<link rel=\"canonical\" href=\"https:\/\/www.carolhowardtouristguide.com\/fr\/\" \/>\n<meta name=\"twitter:label1\" content=\"Dur\u00e9e de lecture estim\u00e9e\" \/>\n\t<meta name=\"twitter:data1\" content=\"2 minutes\" \/>\n<script type=\"application\/ld+json\" class=\"yoast-schema-graph\">{\"@context\":\"https:\/\/schema.org\",\"@graph\":[{\"@type\":\"WebPage\",\"@id\":\"https:\/\/www.carolhowardtouristguide.com\/fr\/\",\"url\":\"https:\/\/www.carolhowardtouristguide.com\/fr\/\",\"name\":\"Home - Carol Howard Tours \u2013 Blue Badge Tourist Guides London\",\"isPartOf\":{\"@id\":\"https:\/\/www.carolhowardtouristguide.com\/fr\/#website\"},\"primaryImageOfPage\":{\"@id\":\"https:\/\/www.carolhowardtouristguide.com\/fr\/#primaryimage\"},\"image\":{\"@id\":\"https:\/\/www.carolhowardtouristguide.com\/fr\/#primaryimage\"},\"thumbnailUrl\":\"https:\/\/www.carolhowardtouristguide.com\/wp-content\/uploads\/2025\/07\/gallery2.jpg\",\"datePublished\":\"2025-07-18T11:21:16+00:00\",\"dateModified\":\"2025-08-29T12:44:56+00:00\",\"breadcrumb\":{\"@id\":\"https:\/\/www.carolhowardtouristguide.com\/fr\/#breadcrumb\"},\"inLanguage\":\"fr-FR\",\"potentialAction\":[{\"@type\":\"ReadAction\",\"target\":[\"https:\/\/www.carolhowardtouristguide.com\/fr\/\"]}]},{\"@type\":\"ImageObject\",\"inLanguage\":\"fr-FR\",\"@id\":\"https:\/\/www.carolhowardtouristguide.com\/fr\/#primaryimage\",\"url\":\"https:\/\/www.carolhowardtouristguide.com\/wp-content\/uploads\/2025\/07\/gallery2.jpg\",\"contentUrl\":\"https:\/\/www.carolhowardtouristguide.com\/wp-content\/uploads\/2025\/07\/gallery2.jpg\"},{\"@type\":\"BreadcrumbList\",\"@id\":\"https:\/\/www.carolhowardtouristguide.com\/fr\/#breadcrumb\",\"itemListElement\":[{\"@type\":\"ListItem\",\"position\":1,\"name\":\"Home\",\"item\":\"https:\/\/www.carolhowardtouristguide.com\/fr\/\"},{\"@type\":\"ListItem\",\"position\":2,\"name\":\"Home\"}]},{\"@type\":\"WebSite\",\"@id\":\"https:\/\/www.carolhowardtouristguide.com\/fr\/#website\",\"url\":\"https:\/\/www.carolhowardtouristguide.com\/fr\/\",\"name\":\"Carol Howard Tours \u2013 Blue Badge Tourist Guides London\",\"description\":\"Tourist Guide: Blue Badge Tours of London\",\"publisher\":{\"@id\":\"https:\/\/www.carolhowardtouristguide.com\/fr\/#organization\"},\"potentialAction\":[{\"@type\":\"SearchAction\",\"target\":{\"@type\":\"EntryPoint\",\"urlTemplate\":\"https:\/\/www.carolhowardtouristguide.com\/fr\/?s={search_term_string}\"},\"query-input\":{\"@type\":\"PropertyValueSpecification\",\"valueRequired\":true,\"valueName\":\"search_term_string\"}}],\"inLanguage\":\"fr-FR\"},{\"@type\":\"Organization\",\"@id\":\"https:\/\/www.carolhowardtouristguide.com\/fr\/#organization\",\"name\":\"Carol Howard Tours \u2013 Blue Badge Tourist Guides London\",\"url\":\"https:\/\/www.carolhowardtouristguide.com\/fr\/\",\"logo\":{\"@type\":\"ImageObject\",\"inLanguage\":\"fr-FR\",\"@id\":\"https:\/\/www.carolhowardtouristguide.com\/fr\/#\/schema\/logo\/image\/\",\"url\":\"https:\/\/www.carolhowardtouristguide.com\/wp-content\/uploads\/2025\/07\/logo-2.png\",\"contentUrl\":\"https:\/\/www.carolhowardtouristguide.com\/wp-content\/uploads\/2025\/07\/logo-2.png\",\"width\":500,\"height\":174,\"caption\":\"Carol Howard Tours \u2013 Blue Badge Tourist Guides London\"},\"image\":{\"@id\":\"https:\/\/www.carolhowardtouristguide.com\/fr\/#\/schema\/logo\/image\/\"}}]}<\/script>\n<!-- \/ Yoast SEO plugin. -->","yoast_head_json":{"title":"Home - Carol Howard Tours \u2013 Blue Badge Tourist Guides London","robots":{"index":"index","follow":"follow","max-snippet":"max-snippet:-1","max-image-preview":"max-image-preview:large","max-video-preview":"max-video-preview:-1"},"canonical":"https:\/\/www.carolhowardtouristguide.com\/fr\/","twitter_misc":{"Dur\u00e9e de lecture estim\u00e9e":"2 minutes"},"schema":{"@context":"https:\/\/schema.org","@graph":[{"@type":"WebPage","@id":"https:\/\/www.carolhowardtouristguide.com\/fr\/","url":"https:\/\/www.carolhowardtouristguide.com\/fr\/","name":"Home - Carol Howard Tours \u2013 Blue Badge Tourist Guides London","isPartOf":{"@id":"https:\/\/www.carolhowardtouristguide.com\/fr\/#website"},"primaryImageOfPage":{"@id":"https:\/\/www.carolhowardtouristguide.com\/fr\/#primaryimage"},"image":{"@id":"https:\/\/www.carolhowardtouristguide.com\/fr\/#primaryimage"},"thumbnailUrl":"https:\/\/www.carolhowardtouristguide.com\/wp-content\/uploads\/2025\/07\/gallery2.jpg","datePublished":"2025-07-18T11:21:16+00:00","dateModified":"2025-08-29T12:44:56+00:00","breadcrumb":{"@id":"https:\/\/www.carolhowardtouristguide.com\/fr\/#breadcrumb"},"inLanguage":"fr-FR","potentialAction":[{"@type":"ReadAction","target":["https:\/\/www.carolhowardtouristguide.com\/fr\/"]}]},{"@type":"ImageObject","inLanguage":"fr-FR","@id":"https:\/\/www.carolhowardtouristguide.com\/fr\/#primaryimage","url":"https:\/\/www.carolhowardtouristguide.com\/wp-content\/uploads\/2025\/07\/gallery2.jpg","contentUrl":"https:\/\/www.carolhowardtouristguide.com\/wp-content\/uploads\/2025\/07\/gallery2.jpg"},{"@type":"BreadcrumbList","@id":"https:\/\/www.carolhowardtouristguide.com\/fr\/#breadcrumb","itemListElement":[{"@type":"ListItem","position":1,"name":"Home","item":"https:\/\/www.carolhowardtouristguide.com\/fr\/"},{"@type":"ListItem","position":2,"name":"Home"}]},{"@type":"WebSite","@id":"https:\/\/www.carolhowardtouristguide.com\/fr\/#website","url":"https:\/\/www.carolhowardtouristguide.com\/fr\/","name":"Carol Howard Tours \u2013 Blue Badge Tourist Guides London","description":"Tourist Guide: Blue Badge Tours of London","publisher":{"@id":"https:\/\/www.carolhowardtouristguide.com\/fr\/#organization"},"potentialAction":[{"@type":"SearchAction","target":{"@type":"EntryPoint","urlTemplate":"https:\/\/www.carolhowardtouristguide.com\/fr\/?s={search_term_string}"},"query-input":{"@type":"PropertyValueSpecification","valueRequired":true,"valueName":"search_term_string"}}],"inLanguage":"fr-FR"},{"@type":"Organization","@id":"https:\/\/www.carolhowardtouristguide.com\/fr\/#organization","name":"Carol Howard Tours \u2013 Blue Badge Tourist Guides London","url":"https:\/\/www.carolhowardtouristguide.com\/fr\/","logo":{"@type":"ImageObject","inLanguage":"fr-FR","@id":"https:\/\/www.carolhowardtouristguide.com\/fr\/#\/schema\/logo\/image\/","url":"https:\/\/www.carolhowardtouristguide.com\/wp-content\/uploads\/2025\/07\/logo-2.png","contentUrl":"https:\/\/www.carolhowardtouristguide.com\/wp-content\/uploads\/2025\/07\/logo-2.png","width":500,"height":174,"caption":"Carol Howard Tours \u2013 Blue Badge Tourist Guides London"},"image":{"@id":"https:\/\/www.carolhowardtouristguide.com\/fr\/#\/schema\/logo\/image\/"}}]}},"_links":{"self":[{"href":"https:\/\/www.carolhowardtouristguide.com\/fr\/wp-json\/wp\/v2\/pages\/1279","targetHints":{"allow":["GET"]}}],"collection":[{"href":"https:\/\/www.carolhowardtouristguide.com\/fr\/wp-json\/wp\/v2\/pages"}],"about":[{"href":"https:\/\/www.carolhowardtouristguide.com\/fr\/wp-json\/wp\/v2\/types\/page"}],"author":[{"embeddable":true,"href":"https:\/\/www.carolhowardtouristguide.com\/fr\/wp-json\/wp\/v2\/users\/1"}],"replies":[{"embeddable":true,"href":"https:\/\/www.carolhowardtouristguide.com\/fr\/wp-json\/wp\/v2\/comments?post=1279"}],"version-history":[{"count":19,"href":"https:\/\/www.carolhowardtouristguide.com\/fr\/wp-json\/wp\/v2\/pages\/1279\/revisions"}],"predecessor-version":[{"id":2008,"href":"https:\/\/www.carolhowardtouristguide.com\/fr\/wp-json\/wp\/v2\/pages\/1279\/revisions\/2008"}],"wp:attachment":[{"href":"https:\/\/www.carolhowardtouristguide.com\/fr\/wp-json\/wp\/v2\/media?parent=1279"}],"curies":[{"name":"wp","href":"https:\/\/api.w.org\/{rel}","templated":true}]}}