{"id":1314,"date":"2025-07-18T11:54:09","date_gmt":"2025-07-18T11:54:09","guid":{"rendered":"https:\/\/www.carolhowardtouristguide.com\/tarifs-des-circuits\/"},"modified":"2026-02-23T14:23:32","modified_gmt":"2026-02-23T14:23:32","slug":"tarifs-des-circuits","status":"publish","type":"page","link":"https:\/\/www.carolhowardtouristguide.com\/fr\/tarifs-des-circuits\/","title":{"rendered":"Tarifs des Circuits"},"content":{"rendered":"\t\t<div data-elementor-type=\"wp-page\" data-elementor-id=\"1314\" class=\"elementor elementor-1314 elementor-81\" data-elementor-post-type=\"page\">\n\t\t\t\t<div class=\"elementor-element elementor-element-f651f2d e-flex e-con-boxed e-con e-parent\" data-id=\"f651f2d\" data-element_type=\"container\">\n\t\t\t\t\t<div class=\"e-con-inner\">\n\t\t\t\t<div class=\"elementor-element elementor-element-981c801 elementor-widget elementor-widget-heading\" data-id=\"981c801\" data-element_type=\"widget\" data-widget_type=\"heading.default\">\n\t\t\t\t\t<h2 class=\"elementor-heading-title elementor-size-default\">TARIFS DE GUIDAGE EN VIGUEUR DU 1er AVRIL 2026 AU 31 MARS 2027<\/h2>\t\t\t\t<\/div>\n\t\t\t\t<div class=\"elementor-element elementor-element-b114882 elementor-widget elementor-widget-text-editor\" data-id=\"b114882\" data-element_type=\"widget\" data-widget_type=\"text-editor.default\">\n\t\t\t\t\t\t\t\t\t<h2>Excursions, visites \u00e0 pied et visites th\u00e9matiques<\/h2>\n<h2 class=\"guiding-feed\">Frais de guide factur\u00e9s par Carol Howard, hors frais d&rsquo;entr\u00e9e et de transport.<\/h2>\t\t\t\t\t\t\t\t<\/div>\n\t\t\t\t<div class=\"elementor-element elementor-element-e018686 elementor-widget elementor-widget-text-editor\" data-id=\"e018686\" data-element_type=\"widget\" data-widget_type=\"text-editor.default\">\n\t\t\t\t\t\t\t\t\t<div class=\"tour-pricing\"><div class=\"tp-content\"><div class=\"tp-template\"><div class=\"tour-price-sec\">\n  <div class=\"row\">\n    \t<div class=\"col-md-6 col-sm-12\">\n    \t<div class=\"tour-price-item\">\n        \t<div class=\"tour-price-inner\">\n            <div class=\"price-icon\">\n            \t<div class=\"image\">\n                \t\t\t\t\t<img decoding=\"async\" src=\"https:\/\/www.carolhowardtouristguide.com\/wp-content\/uploads\/2017\/07\/jane.png\" alt=\"VISITES DU MATIN\" \/>\n                <\/div>\n                <h3 class=\"price-title\">VISITES DU MATIN<\/h3>\n            <\/div>\n            <div class=\"price-content\">\n            \t<div class=\"rate-txt\"> Tarif langue fran\u00e7aise<\/div>\n                <div class=\"price-sec\">\n                \t<span class=\"symbol\">\u00a3<\/span>\n                    <span class=\"price\">258<\/span>\n                <\/div>\n                <div class=\"description\">\n                \tLes visites du matin se terminent au plus tard \u00e0 13h00.                <\/div>\n            <\/div>\n            <div class=\"price-contact\">\n            \t<div class=\"more-btn-sec\">\n                                 <a class=\"btn-hover\" href=\"https:\/\/www.carolhowardtouristguide.com\/fr\/contact\/\">CONTACT<\/a>\n                <\/div>\n            <\/div>\n            <div class=\"clear\"><\/div>\n                        <div class=\"note\">\n                \n            <\/div>\n            <\/div>\n        <\/div>\n    <\/div>\n    \t<div class=\"col-md-6 col-sm-12\">\n    \t<div class=\"tour-price-item\">\n        \t<div class=\"tour-price-inner\">\n            <div class=\"price-icon\">\n            \t<div class=\"image\">\n                \t\t\t\t\t<img decoding=\"async\" src=\"https:\/\/www.carolhowardtouristguide.com\/wp-content\/uploads\/2017\/07\/jane.png\" alt=\"EXCURSIONS DE L&rsquo;APR\u00c8S-MIDI\" \/>\n                <\/div>\n                <h3 class=\"price-title\">EXCURSIONS DE L&rsquo;APR\u00c8S-MIDI<\/h3>\n            <\/div>\n            <div class=\"price-content\">\n            \t<div class=\"rate-txt\">French language rate<\/div>\n                <div class=\"price-sec\">\n                \t<span class=\"symbol\">\u00a3<\/span>\n                    <span class=\"price\">258<\/span>\n                <\/div>\n                <div class=\"description\">\n                \tLes visites de l\u2019apr\u00e8s-midi commencent \u00e0 13h30.                <\/div>\n            <\/div>\n            <div class=\"price-contact\">\n            \t<div class=\"more-btn-sec\">\n                                 <a class=\"btn-hover\" href=\"https:\/\/www.carolhowardtouristguide.com\/fr\/contact\/\">CONTACT<\/a>\n                <\/div>\n            <\/div>\n            <div class=\"clear\"><\/div>\n                        <div class=\"note\">\n                \n            <\/div>\n            <\/div>\n        <\/div>\n    <\/div>\n    \t<div class=\"col-md-6 col-sm-12\">\n    \t<div class=\"tour-price-item\">\n        \t<div class=\"tour-price-inner\">\n            <div class=\"price-icon\">\n            \t<div class=\"image\">\n                \t\t\t\t\t<img decoding=\"async\" src=\"https:\/\/www.carolhowardtouristguide.com\/wp-content\/uploads\/2017\/07\/dikens.png\" alt=\"JOURN\u00c9E COMPL\u00c8TE\" \/>\n                <\/div>\n                <h3 class=\"price-title\">JOURN\u00c9E COMPL\u00c8TE<\/h3>\n            <\/div>\n            <div class=\"price-content\">\n            \t<div class=\"rate-txt\"> Tarif langue fran\u00e7aise<\/div>\n                <div class=\"price-sec\">\n                \t<span class=\"symbol\">\u00a3<\/span>\n                    <span class=\"price\">431<\/span>\n                <\/div>\n                <div class=\"description\">\n                \t                <\/div>\n            <\/div>\n            <div class=\"price-contact\">\n            \t<div class=\"more-btn-sec\">\n                                 <a class=\"btn-hover\" href=\"https:\/\/www.carolhowardtouristguide.com\/fr\/contact\/\">CONTACT<\/a>\n                <\/div>\n            <\/div>\n            <div class=\"clear\"><\/div>\n                        <div class=\"note\">\n                                    (Des frais suppl\u00e9mentaires s&rsquo;appliquent aux visites en langue \u00e9trang\u00e8re)\n                \n            <\/div>\n            <\/div>\n        <\/div>\n    <\/div>\n  <\/div>\n<\/div>\n<script type=\"text\/javascript\">\njQuery(document).ready(function($) {\n    \/\/equalheight('.tour-price-sec .tour-price-inner');\n\n    jQuery(window).resize(function(){\n        setTimeout(function() {\n            if(jQuery(window).width()>768){\n                \/\/equalheight('.tour-price-sec .tour-price-inner');\n            }\n            else{\n                jQuery('.tour-price-sec .tour-price-inner').css('height', 'auto');\n            }\n        },300);\n    });\n});\n<\/script><\/div><\/div><\/div>\t\t\t\t\t\t\t\t<\/div>\n\t\t\t\t<div class=\"elementor-element elementor-element-f342ebe elementor-widget elementor-widget-text-editor\" data-id=\"f342ebe\" data-element_type=\"widget\" data-widget_type=\"text-editor.default\">\n\t\t\t\t\t\t\t\t\tTaille maximale du groupe pour les visites \u00e0 pied 25 personnes, maximum dans les galeries, \u00e9glises et mus\u00e9es 20 personnes.\n<h2 class=\"p-bold\">FRAIS D&rsquo;ANNULATION<\/h2>\n<p class=\"mrg0-B\">10 \u00e0 5 jours avant le d\u00e9but de l&rsquo;engagement 50 % des honoraires.<\/p>\n<p class=\"mrg0-B\">4 jours (96 heures) ou moins avant le d\u00e9but de l&rsquo;engagement 100 % des honoraires<\/p>\t\t\t\t\t\t\t\t<\/div>\n\t\t\t\t\t<\/div>\n\t\t\t\t<\/div>\n\t\t<div class=\"elementor-element elementor-element-343e73e8 e-flex e-con-boxed e-con e-parent\" data-id=\"343e73e8\" data-element_type=\"container\">\n\t\t\t\t\t<div class=\"e-con-inner\">\n\t\t\t\t\t<\/div>\n\t\t\t\t<\/div>\n\t\t\t\t<\/div>\n\t\t","protected":false},"excerpt":{"rendered":"<p>TARIFS DE GUIDAGE EN VIGUEUR DU 1er AVRIL 2026 AU 31 MARS 2027 Excursions, visites \u00e0 pied et visites th\u00e9matiques Frais de guide factur\u00e9s par Carol Howard, hors frais d&rsquo;entr\u00e9e et de transport. Taille maximale du groupe pour les visites \u00e0 pied 25 personnes, maximum dans les galeries, \u00e9glises et mus\u00e9es 20 personnes. FRAIS D&rsquo;ANNULATION [&hellip;]<\/p>\n","protected":false},"author":1,"featured_media":0,"parent":0,"menu_order":0,"comment_status":"closed","ping_status":"closed","template":"","meta":{"footnotes":""},"class_list":["post-1314","page","type-page","status-publish","hentry"],"yoast_head":"<!-- This site is optimized with the Yoast SEO plugin v25.6 - https:\/\/yoast.com\/wordpress\/plugins\/seo\/ -->\n<title>Tarifs des visites guid\u00e9es d&#039;une demi-journ\u00e9e ou d&#039;une journ\u00e9e compl\u00e8te \u00e0 Londres - Carol Howard<\/title>\n<meta name=\"description\" content=\"Consultez les tarifs des visites guid\u00e9es priv\u00e9es avec Carol Howard, guide touristique certifi\u00e9e Blue Badge \u00e0 Londres. Tarifs transparents pour les visites \u00e0 pied en anglais, italien et allemand.\" \/>\n<meta name=\"robots\" content=\"index, follow, max-snippet:-1, max-image-preview:large, max-video-preview:-1\" \/>\n<link rel=\"canonical\" href=\"https:\/\/www.carolhowardtouristguide.com\/fr\/tarifs-des-circuits\/\" \/>\n<meta name=\"twitter:label1\" content=\"Dur\u00e9e de lecture estim\u00e9e\" \/>\n\t<meta name=\"twitter:data1\" content=\"2 minutes\" \/>\n<script type=\"application\/ld+json\" class=\"yoast-schema-graph\">{\"@context\":\"https:\/\/schema.org\",\"@graph\":[{\"@type\":\"WebPage\",\"@id\":\"https:\/\/www.carolhowardtouristguide.com\/fr\/tarifs-des-circuits\/\",\"url\":\"https:\/\/www.carolhowardtouristguide.com\/fr\/tarifs-des-circuits\/\",\"name\":\"Tarifs des visites guid\u00e9es d'une demi-journ\u00e9e ou d'une journ\u00e9e compl\u00e8te \u00e0 Londres - Carol Howard\",\"isPartOf\":{\"@id\":\"https:\/\/www.carolhowardtouristguide.com\/fr\/#website\"},\"datePublished\":\"2025-07-18T11:54:09+00:00\",\"dateModified\":\"2026-02-23T14:23:32+00:00\",\"description\":\"Consultez les tarifs des visites guid\u00e9es priv\u00e9es avec Carol Howard, guide touristique certifi\u00e9e Blue Badge \u00e0 Londres. Tarifs transparents pour les visites \u00e0 pied en anglais, italien et allemand.\",\"breadcrumb\":{\"@id\":\"https:\/\/www.carolhowardtouristguide.com\/fr\/tarifs-des-circuits\/#breadcrumb\"},\"inLanguage\":\"fr-FR\",\"potentialAction\":[{\"@type\":\"ReadAction\",\"target\":[\"https:\/\/www.carolhowardtouristguide.com\/fr\/tarifs-des-circuits\/\"]}]},{\"@type\":\"BreadcrumbList\",\"@id\":\"https:\/\/www.carolhowardtouristguide.com\/fr\/tarifs-des-circuits\/#breadcrumb\",\"itemListElement\":[{\"@type\":\"ListItem\",\"position\":1,\"name\":\"Home\",\"item\":\"https:\/\/www.carolhowardtouristguide.com\/fr\/\"},{\"@type\":\"ListItem\",\"position\":2,\"name\":\"Tarifs des Circuits\"}]},{\"@type\":\"WebSite\",\"@id\":\"https:\/\/www.carolhowardtouristguide.com\/fr\/#website\",\"url\":\"https:\/\/www.carolhowardtouristguide.com\/fr\/\",\"name\":\"Carol Howard Tours \u2013 Blue Badge Tourist Guides London\",\"description\":\"Tourist Guide: Blue Badge Tours of London\",\"publisher\":{\"@id\":\"https:\/\/www.carolhowardtouristguide.com\/fr\/#organization\"},\"potentialAction\":[{\"@type\":\"SearchAction\",\"target\":{\"@type\":\"EntryPoint\",\"urlTemplate\":\"https:\/\/www.carolhowardtouristguide.com\/fr\/?s={search_term_string}\"},\"query-input\":{\"@type\":\"PropertyValueSpecification\",\"valueRequired\":true,\"valueName\":\"search_term_string\"}}],\"inLanguage\":\"fr-FR\"},{\"@type\":\"Organization\",\"@id\":\"https:\/\/www.carolhowardtouristguide.com\/fr\/#organization\",\"name\":\"Carol Howard Tours \u2013 Blue Badge Tourist Guides London\",\"url\":\"https:\/\/www.carolhowardtouristguide.com\/fr\/\",\"logo\":{\"@type\":\"ImageObject\",\"inLanguage\":\"fr-FR\",\"@id\":\"https:\/\/www.carolhowardtouristguide.com\/fr\/#\/schema\/logo\/image\/\",\"url\":\"https:\/\/www.carolhowardtouristguide.com\/wp-content\/uploads\/2025\/07\/logo-2.png\",\"contentUrl\":\"https:\/\/www.carolhowardtouristguide.com\/wp-content\/uploads\/2025\/07\/logo-2.png\",\"width\":500,\"height\":174,\"caption\":\"Carol Howard Tours \u2013 Blue Badge Tourist Guides London\"},\"image\":{\"@id\":\"https:\/\/www.carolhowardtouristguide.com\/fr\/#\/schema\/logo\/image\/\"}}]}<\/script>\n<!-- \/ Yoast SEO plugin. -->","yoast_head_json":{"title":"Tarifs des visites guid\u00e9es d'une demi-journ\u00e9e ou d'une journ\u00e9e compl\u00e8te \u00e0 Londres - Carol Howard","description":"Consultez les tarifs des visites guid\u00e9es priv\u00e9es avec Carol Howard, guide touristique certifi\u00e9e Blue Badge \u00e0 Londres. Tarifs transparents pour les visites \u00e0 pied en anglais, italien et allemand.","robots":{"index":"index","follow":"follow","max-snippet":"max-snippet:-1","max-image-preview":"max-image-preview:large","max-video-preview":"max-video-preview:-1"},"canonical":"https:\/\/www.carolhowardtouristguide.com\/fr\/tarifs-des-circuits\/","twitter_misc":{"Dur\u00e9e de lecture estim\u00e9e":"2 minutes"},"schema":{"@context":"https:\/\/schema.org","@graph":[{"@type":"WebPage","@id":"https:\/\/www.carolhowardtouristguide.com\/fr\/tarifs-des-circuits\/","url":"https:\/\/www.carolhowardtouristguide.com\/fr\/tarifs-des-circuits\/","name":"Tarifs des visites guid\u00e9es d'une demi-journ\u00e9e ou d'une journ\u00e9e compl\u00e8te \u00e0 Londres - Carol Howard","isPartOf":{"@id":"https:\/\/www.carolhowardtouristguide.com\/fr\/#website"},"datePublished":"2025-07-18T11:54:09+00:00","dateModified":"2026-02-23T14:23:32+00:00","description":"Consultez les tarifs des visites guid\u00e9es priv\u00e9es avec Carol Howard, guide touristique certifi\u00e9e Blue Badge \u00e0 Londres. Tarifs transparents pour les visites \u00e0 pied en anglais, italien et allemand.","breadcrumb":{"@id":"https:\/\/www.carolhowardtouristguide.com\/fr\/tarifs-des-circuits\/#breadcrumb"},"inLanguage":"fr-FR","potentialAction":[{"@type":"ReadAction","target":["https:\/\/www.carolhowardtouristguide.com\/fr\/tarifs-des-circuits\/"]}]},{"@type":"BreadcrumbList","@id":"https:\/\/www.carolhowardtouristguide.com\/fr\/tarifs-des-circuits\/#breadcrumb","itemListElement":[{"@type":"ListItem","position":1,"name":"Home","item":"https:\/\/www.carolhowardtouristguide.com\/fr\/"},{"@type":"ListItem","position":2,"name":"Tarifs des Circuits"}]},{"@type":"WebSite","@id":"https:\/\/www.carolhowardtouristguide.com\/fr\/#website","url":"https:\/\/www.carolhowardtouristguide.com\/fr\/","name":"Carol Howard Tours \u2013 Blue Badge Tourist Guides London","description":"Tourist Guide: Blue Badge Tours of London","publisher":{"@id":"https:\/\/www.carolhowardtouristguide.com\/fr\/#organization"},"potentialAction":[{"@type":"SearchAction","target":{"@type":"EntryPoint","urlTemplate":"https:\/\/www.carolhowardtouristguide.com\/fr\/?s={search_term_string}"},"query-input":{"@type":"PropertyValueSpecification","valueRequired":true,"valueName":"search_term_string"}}],"inLanguage":"fr-FR"},{"@type":"Organization","@id":"https:\/\/www.carolhowardtouristguide.com\/fr\/#organization","name":"Carol Howard Tours \u2013 Blue Badge Tourist Guides London","url":"https:\/\/www.carolhowardtouristguide.com\/fr\/","logo":{"@type":"ImageObject","inLanguage":"fr-FR","@id":"https:\/\/www.carolhowardtouristguide.com\/fr\/#\/schema\/logo\/image\/","url":"https:\/\/www.carolhowardtouristguide.com\/wp-content\/uploads\/2025\/07\/logo-2.png","contentUrl":"https:\/\/www.carolhowardtouristguide.com\/wp-content\/uploads\/2025\/07\/logo-2.png","width":500,"height":174,"caption":"Carol Howard Tours \u2013 Blue Badge Tourist Guides London"},"image":{"@id":"https:\/\/www.carolhowardtouristguide.com\/fr\/#\/schema\/logo\/image\/"}}]}},"_links":{"self":[{"href":"https:\/\/www.carolhowardtouristguide.com\/fr\/wp-json\/wp\/v2\/pages\/1314","targetHints":{"allow":["GET"]}}],"collection":[{"href":"https:\/\/www.carolhowardtouristguide.com\/fr\/wp-json\/wp\/v2\/pages"}],"about":[{"href":"https:\/\/www.carolhowardtouristguide.com\/fr\/wp-json\/wp\/v2\/types\/page"}],"author":[{"embeddable":true,"href":"https:\/\/www.carolhowardtouristguide.com\/fr\/wp-json\/wp\/v2\/users\/1"}],"replies":[{"embeddable":true,"href":"https:\/\/www.carolhowardtouristguide.com\/fr\/wp-json\/wp\/v2\/comments?post=1314"}],"version-history":[{"count":9,"href":"https:\/\/www.carolhowardtouristguide.com\/fr\/wp-json\/wp\/v2\/pages\/1314\/revisions"}],"predecessor-version":[{"id":2213,"href":"https:\/\/www.carolhowardtouristguide.com\/fr\/wp-json\/wp\/v2\/pages\/1314\/revisions\/2213"}],"wp:attachment":[{"href":"https:\/\/www.carolhowardtouristguide.com\/fr\/wp-json\/wp\/v2\/media?parent=1314"}],"curies":[{"name":"wp","href":"https:\/\/api.w.org\/{rel}","templated":true}]}}