{"id":338,"date":"2025-06-24T17:40:58","date_gmt":"2025-06-24T17:40:58","guid":{"rendered":"https:\/\/www.carolhowardtouristguide.com\/?page_id=338"},"modified":"2025-07-28T18:04:43","modified_gmt":"2025-07-28T18:04:43","slug":"about","status":"publish","type":"page","link":"https:\/\/www.carolhowardtouristguide.com\/fr\/about\/","title":{"rendered":"About me &#8211; FR"},"content":{"rendered":"\t\t<div data-elementor-type=\"wp-page\" data-elementor-id=\"338\" class=\"elementor elementor-338 elementor-11\" data-elementor-post-type=\"page\">\n\t\t\t\t<div class=\"elementor-element elementor-element-42a1d638 e-flex e-con-boxed e-con e-parent\" data-id=\"42a1d638\" data-element_type=\"container\">\n\t\t\t\t\t<div class=\"e-con-inner\">\n\t\t\t\t<div class=\"elementor-element elementor-element-bedb29b elementor-widget elementor-widget-heading\" data-id=\"bedb29b\" data-element_type=\"widget\" data-widget_type=\"heading.default\">\n\t\t\t\t\t<h2 class=\"elementor-heading-title elementor-size-default\">Bonjour, Je m\u2019appelle Carol<\/h2>\t\t\t\t<\/div>\n\t\t\t\t<div class=\"elementor-element elementor-element-603f4fc elementor-widget elementor-widget-text-editor\" data-id=\"603f4fc\" data-element_type=\"widget\" data-widget_type=\"text-editor.default\">\n\t\t\t\t\t\t\t\t\t<h2>Si vous \u00eates int\u00e9ress\u00e9s pour une visite touristique avec un guide professionnel qui a une r\u00e9elle passion pour accompagner les touristes \u00e0 Londres et dans le sud de l\u2019Angleterre, alors vous avez trouv\u00e9 la bonne personne.<\/h2>\t\t\t\t\t\t\t\t<\/div>\n\t\t<div class=\"elementor-element elementor-element-26b0e06 e-grid e-con-full e-con e-child\" data-id=\"26b0e06\" data-element_type=\"container\">\n\t\t\t\t<div class=\"elementor-element elementor-element-324eab6 elementor-widget elementor-widget-text-editor\" data-id=\"324eab6\" data-element_type=\"widget\" data-widget_type=\"text-editor.default\">\n\t\t\t\t\t\t\t\t\t<p>J\u2019adore faire visiter les points forts de ces zones et ce serait avec plaisir de vous les faire d\u00e9couvrir, vous montrant quelques-unes des attractions c\u00e9l\u00e8bres et des tr\u00e9sors cach\u00e9s de Londres ou lors d\u2019excursions d\u2019une journ\u00e9e vers d\u2019autres destinations comme Oxford et Bath, etc. (Voir ci-dessous)<\/p>\n<p>Je suis qualifi\u00e9e en tant que guide Blue Badge de Londres depuis 2001, j\u2019ai donc plus de 23 ans d\u2019exp\u00e9rience en tant que guide derri\u00e8re moi. Je propose des visites en <a href=\"\/about-me\">Anglais<\/a>, en Fran\u00e7ais, en <a href=\"\/\">Anglais<\/a>, <a href=\"\/de\">Allemand,<\/a> <a href=\"\/it\">Italien<\/a> et Fran\u00e7ais.<\/p>\n<p>Mes principaux domaines d\u2019expertise sont: les ch\u00e2teaux et les palais, les cath\u00e9drales et les \u00e9glises, la litt\u00e9rature, les arts, les visites \u00e0 pied ainsi que les visites de la campagne.<\/p>\n<p>Voici les exemples de visites et d\u2019attractions populaires que j\u2019ai la chance d\u2019organiser:<\/p>\n<p><strong>A LONDRES:<\/strong> <br \/>La cath\u00e9drale Saint-Paul, le British Museum, la National Gallery, la Tate Britain, la Tate Modern, Kensington Palace, l\u2019abbaye de Westminster, la visite \u00e0 pied de Greenwich, les circuits p\u00e9destres de Londres sur les pas de Dickens, de Shakespeare ou de Sherlock Holmes, et plus encore&#8230;<\/p>\n<p><strong>EN DEHORS DE LONDRES:<br \/><\/strong> Le ch\u00e2teau de Windsor, le palais de Hampton Court, le ch\u00e2teau de Leeds, Canterbury, Stonehenge, Bath, la ville et la cath\u00e9drale de Salisbury, Oxford, Stratford-Upon-Avon de Shakespeare, le ch\u00e2teau de Warwick, Winchester, la visite de la campagne de Cotswolds, la visite \u00e0 pied de Cambridge, et plus encore&#8230;<\/p>\t\t\t\t\t\t\t\t<\/div>\n\t\t\t\t<div class=\"elementor-element elementor-element-506a8fb elementor-widget elementor-widget-image\" data-id=\"506a8fb\" data-element_type=\"widget\" data-widget_type=\"image.default\">\n\t\t\t\t\t\t\t\t\t\t\t\t\t\t\t<img fetchpriority=\"high\" decoding=\"async\" width=\"450\" height=\"356\" src=\"https:\/\/www.carolhowardtouristguide.com\/wp-content\/uploads\/2025\/07\/about-img.jpg\" class=\"elementor-animation-grow attachment-large size-large wp-image-1008\" alt=\"Tour at Old Royal Naval College\" srcset=\"https:\/\/www.carolhowardtouristguide.com\/wp-content\/uploads\/2025\/07\/about-img.jpg 450w, https:\/\/www.carolhowardtouristguide.com\/wp-content\/uploads\/2025\/07\/about-img-300x237.jpg 300w\" sizes=\"(max-width: 450px) 100vw, 450px\" \/>\t\t\t\t\t\t\t\t\t\t\t\t\t\t\t<\/div>\n\t\t\t\t<\/div>\n\t\t\t\t<div class=\"elementor-element elementor-element-035ea1a elementor-widget elementor-widget-text-editor\" data-id=\"035ea1a\" data-element_type=\"widget\" data-widget_type=\"text-editor.default\">\n\t\t\t\t\t\t\t\t\t<p>N\u2019h\u00e9sitez pas \u00e0 me contacter via ce site pour un devis ou pour toute information.<\/p>\n<p>J\u2019ai h\u00e2te de vous rencontrer!<\/p>\t\t\t\t\t\t\t\t<\/div>\n\t\t\t\t\t<\/div>\n\t\t\t\t<\/div>\n\t\t<div class=\"elementor-element elementor-element-8c46882 e-flex e-con-boxed e-con e-parent\" data-id=\"8c46882\" data-element_type=\"container\">\n\t\t\t\t\t<div class=\"e-con-inner\">\n\t\t\t\t<div class=\"elementor-element elementor-element-3c0e84f elementor-widget elementor-widget-text-editor\" data-id=\"3c0e84f\" data-element_type=\"widget\" data-widget_type=\"text-editor.default\">\n\t\t\t\t\t\t\t\t\t<div class=\"about-page\">\n<div>\n\n<strong><a href=\"https:\/\/www.tripadvisor.in\/Attraction_Review-g186338-d28144685-Reviews-CAROL_HOWARD_London_Blue_Badge_Tourist_Guide_Private_Tours-London_England.html\" target=\"_blank\" rel=\"noopener\">\nVoir mes avis sur Tripadvisor ici<\/a><\/strong>\n\n<\/div>\n<\/div>\n<!-- \/wp:paragraph --><!-- wp:paragraph --><!-- \/wp:paragraph --><!-- wp:image {\"id\":346,\"sizeSlug\":\"large\"} -->\n<figure class=\"wp-block-image size-large\"><a href=\"https:\/\/www.tripadvisor.in\/Attraction_Review-g186338-d28144685-Reviews-CAROL_HOWARD_London_Blue_Badge_Tourist_Guide_Private_Tours-London_England.html\" target=\"_blank\" rel=\"noopener noreferrer\"><img decoding=\"async\" width=\"400\" height=\"186\" class=\"wp-image-346 alignnone\" src=\"https:\/\/www.carolhowardtouristguide.com\/wp-content\/uploads\/2025\/07\/tripadvisor-logo-circle-green-vertical-lockup-registered-rgb.png\" alt=\"\" \/><\/a><\/figure>\n<!-- \/wp:image -->\t\t\t\t\t\t\t\t<\/div>\n\t\t\t\t\t<\/div>\n\t\t\t\t<\/div>\n\t\t\t\t<\/div>\n\t\t","protected":false},"excerpt":{"rendered":"<p>Bonjour, Je m\u2019appelle Carol Si vous \u00eates int\u00e9ress\u00e9s pour une visite touristique avec un guide professionnel qui a une r\u00e9elle passion pour accompagner les touristes \u00e0 Londres et dans le sud de l\u2019Angleterre, alors vous avez trouv\u00e9 la bonne personne. J\u2019adore faire visiter les points forts de ces zones et ce serait avec plaisir de [&hellip;]<\/p>\n","protected":false},"author":1,"featured_media":0,"parent":0,"menu_order":0,"comment_status":"closed","ping_status":"closed","template":"","meta":{"footnotes":""},"class_list":["post-338","page","type-page","status-publish","hentry"],"yoast_head":"<!-- This site is optimized with the Yoast SEO plugin v25.6 - https:\/\/yoast.com\/wordpress\/plugins\/seo\/ -->\n<title>About me - FR - Carol Howard Tours \u2013 Blue Badge Tourist Guides London<\/title>\n<meta name=\"robots\" content=\"index, follow, max-snippet:-1, max-image-preview:large, max-video-preview:-1\" \/>\n<link rel=\"canonical\" href=\"https:\/\/www.carolhowardtouristguide.com\/fr\/about\/\" \/>\n<meta name=\"twitter:label1\" content=\"Dur\u00e9e de lecture estim\u00e9e\" \/>\n\t<meta name=\"twitter:data1\" content=\"2 minutes\" \/>\n<script type=\"application\/ld+json\" class=\"yoast-schema-graph\">{\"@context\":\"https:\/\/schema.org\",\"@graph\":[{\"@type\":\"WebPage\",\"@id\":\"https:\/\/www.carolhowardtouristguide.com\/fr\/about\/\",\"url\":\"https:\/\/www.carolhowardtouristguide.com\/fr\/about\/\",\"name\":\"About me - FR - Carol Howard Tours \u2013 Blue Badge Tourist Guides London\",\"isPartOf\":{\"@id\":\"https:\/\/www.carolhowardtouristguide.com\/fr\/#website\"},\"primaryImageOfPage\":{\"@id\":\"https:\/\/www.carolhowardtouristguide.com\/fr\/about\/#primaryimage\"},\"image\":{\"@id\":\"https:\/\/www.carolhowardtouristguide.com\/fr\/about\/#primaryimage\"},\"thumbnailUrl\":\"https:\/\/www.carolhowardtouristguide.com\/wp-content\/uploads\/2025\/07\/about-img.jpg\",\"datePublished\":\"2025-06-24T17:40:58+00:00\",\"dateModified\":\"2025-07-28T18:04:43+00:00\",\"breadcrumb\":{\"@id\":\"https:\/\/www.carolhowardtouristguide.com\/fr\/about\/#breadcrumb\"},\"inLanguage\":\"fr-FR\",\"potentialAction\":[{\"@type\":\"ReadAction\",\"target\":[\"https:\/\/www.carolhowardtouristguide.com\/fr\/about\/\"]}]},{\"@type\":\"ImageObject\",\"inLanguage\":\"fr-FR\",\"@id\":\"https:\/\/www.carolhowardtouristguide.com\/fr\/about\/#primaryimage\",\"url\":\"https:\/\/www.carolhowardtouristguide.com\/wp-content\/uploads\/2025\/07\/about-img.jpg\",\"contentUrl\":\"https:\/\/www.carolhowardtouristguide.com\/wp-content\/uploads\/2025\/07\/about-img.jpg\"},{\"@type\":\"BreadcrumbList\",\"@id\":\"https:\/\/www.carolhowardtouristguide.com\/fr\/about\/#breadcrumb\",\"itemListElement\":[{\"@type\":\"ListItem\",\"position\":1,\"name\":\"Home\",\"item\":\"https:\/\/www.carolhowardtouristguide.com\/fr\/\"},{\"@type\":\"ListItem\",\"position\":2,\"name\":\"About me &#8211; FR\"}]},{\"@type\":\"WebSite\",\"@id\":\"https:\/\/www.carolhowardtouristguide.com\/fr\/#website\",\"url\":\"https:\/\/www.carolhowardtouristguide.com\/fr\/\",\"name\":\"Carol Howard Tours \u2013 Blue Badge Tourist Guides London\",\"description\":\"Tourist Guide: Blue Badge Tours of London\",\"publisher\":{\"@id\":\"https:\/\/www.carolhowardtouristguide.com\/fr\/#organization\"},\"potentialAction\":[{\"@type\":\"SearchAction\",\"target\":{\"@type\":\"EntryPoint\",\"urlTemplate\":\"https:\/\/www.carolhowardtouristguide.com\/fr\/?s={search_term_string}\"},\"query-input\":{\"@type\":\"PropertyValueSpecification\",\"valueRequired\":true,\"valueName\":\"search_term_string\"}}],\"inLanguage\":\"fr-FR\"},{\"@type\":\"Organization\",\"@id\":\"https:\/\/www.carolhowardtouristguide.com\/fr\/#organization\",\"name\":\"Carol Howard Tours \u2013 Blue Badge Tourist Guides London\",\"url\":\"https:\/\/www.carolhowardtouristguide.com\/fr\/\",\"logo\":{\"@type\":\"ImageObject\",\"inLanguage\":\"fr-FR\",\"@id\":\"https:\/\/www.carolhowardtouristguide.com\/fr\/#\/schema\/logo\/image\/\",\"url\":\"https:\/\/www.carolhowardtouristguide.com\/wp-content\/uploads\/2025\/07\/logo-2.png\",\"contentUrl\":\"https:\/\/www.carolhowardtouristguide.com\/wp-content\/uploads\/2025\/07\/logo-2.png\",\"width\":500,\"height\":174,\"caption\":\"Carol Howard Tours \u2013 Blue Badge Tourist Guides London\"},\"image\":{\"@id\":\"https:\/\/www.carolhowardtouristguide.com\/fr\/#\/schema\/logo\/image\/\"}}]}<\/script>\n<!-- \/ Yoast SEO plugin. -->","yoast_head_json":{"title":"About me - FR - Carol Howard Tours \u2013 Blue Badge Tourist Guides London","robots":{"index":"index","follow":"follow","max-snippet":"max-snippet:-1","max-image-preview":"max-image-preview:large","max-video-preview":"max-video-preview:-1"},"canonical":"https:\/\/www.carolhowardtouristguide.com\/fr\/about\/","twitter_misc":{"Dur\u00e9e de lecture estim\u00e9e":"2 minutes"},"schema":{"@context":"https:\/\/schema.org","@graph":[{"@type":"WebPage","@id":"https:\/\/www.carolhowardtouristguide.com\/fr\/about\/","url":"https:\/\/www.carolhowardtouristguide.com\/fr\/about\/","name":"About me - FR - Carol Howard Tours \u2013 Blue Badge Tourist Guides London","isPartOf":{"@id":"https:\/\/www.carolhowardtouristguide.com\/fr\/#website"},"primaryImageOfPage":{"@id":"https:\/\/www.carolhowardtouristguide.com\/fr\/about\/#primaryimage"},"image":{"@id":"https:\/\/www.carolhowardtouristguide.com\/fr\/about\/#primaryimage"},"thumbnailUrl":"https:\/\/www.carolhowardtouristguide.com\/wp-content\/uploads\/2025\/07\/about-img.jpg","datePublished":"2025-06-24T17:40:58+00:00","dateModified":"2025-07-28T18:04:43+00:00","breadcrumb":{"@id":"https:\/\/www.carolhowardtouristguide.com\/fr\/about\/#breadcrumb"},"inLanguage":"fr-FR","potentialAction":[{"@type":"ReadAction","target":["https:\/\/www.carolhowardtouristguide.com\/fr\/about\/"]}]},{"@type":"ImageObject","inLanguage":"fr-FR","@id":"https:\/\/www.carolhowardtouristguide.com\/fr\/about\/#primaryimage","url":"https:\/\/www.carolhowardtouristguide.com\/wp-content\/uploads\/2025\/07\/about-img.jpg","contentUrl":"https:\/\/www.carolhowardtouristguide.com\/wp-content\/uploads\/2025\/07\/about-img.jpg"},{"@type":"BreadcrumbList","@id":"https:\/\/www.carolhowardtouristguide.com\/fr\/about\/#breadcrumb","itemListElement":[{"@type":"ListItem","position":1,"name":"Home","item":"https:\/\/www.carolhowardtouristguide.com\/fr\/"},{"@type":"ListItem","position":2,"name":"About me &#8211; FR"}]},{"@type":"WebSite","@id":"https:\/\/www.carolhowardtouristguide.com\/fr\/#website","url":"https:\/\/www.carolhowardtouristguide.com\/fr\/","name":"Carol Howard Tours \u2013 Blue Badge Tourist Guides London","description":"Tourist Guide: Blue Badge Tours of London","publisher":{"@id":"https:\/\/www.carolhowardtouristguide.com\/fr\/#organization"},"potentialAction":[{"@type":"SearchAction","target":{"@type":"EntryPoint","urlTemplate":"https:\/\/www.carolhowardtouristguide.com\/fr\/?s={search_term_string}"},"query-input":{"@type":"PropertyValueSpecification","valueRequired":true,"valueName":"search_term_string"}}],"inLanguage":"fr-FR"},{"@type":"Organization","@id":"https:\/\/www.carolhowardtouristguide.com\/fr\/#organization","name":"Carol Howard Tours \u2013 Blue Badge Tourist Guides London","url":"https:\/\/www.carolhowardtouristguide.com\/fr\/","logo":{"@type":"ImageObject","inLanguage":"fr-FR","@id":"https:\/\/www.carolhowardtouristguide.com\/fr\/#\/schema\/logo\/image\/","url":"https:\/\/www.carolhowardtouristguide.com\/wp-content\/uploads\/2025\/07\/logo-2.png","contentUrl":"https:\/\/www.carolhowardtouristguide.com\/wp-content\/uploads\/2025\/07\/logo-2.png","width":500,"height":174,"caption":"Carol Howard Tours \u2013 Blue Badge Tourist Guides London"},"image":{"@id":"https:\/\/www.carolhowardtouristguide.com\/fr\/#\/schema\/logo\/image\/"}}]}},"_links":{"self":[{"href":"https:\/\/www.carolhowardtouristguide.com\/fr\/wp-json\/wp\/v2\/pages\/338","targetHints":{"allow":["GET"]}}],"collection":[{"href":"https:\/\/www.carolhowardtouristguide.com\/fr\/wp-json\/wp\/v2\/pages"}],"about":[{"href":"https:\/\/www.carolhowardtouristguide.com\/fr\/wp-json\/wp\/v2\/types\/page"}],"author":[{"embeddable":true,"href":"https:\/\/www.carolhowardtouristguide.com\/fr\/wp-json\/wp\/v2\/users\/1"}],"replies":[{"embeddable":true,"href":"https:\/\/www.carolhowardtouristguide.com\/fr\/wp-json\/wp\/v2\/comments?post=338"}],"version-history":[{"count":25,"href":"https:\/\/www.carolhowardtouristguide.com\/fr\/wp-json\/wp\/v2\/pages\/338\/revisions"}],"predecessor-version":[{"id":1867,"href":"https:\/\/www.carolhowardtouristguide.com\/fr\/wp-json\/wp\/v2\/pages\/338\/revisions\/1867"}],"wp:attachment":[{"href":"https:\/\/www.carolhowardtouristguide.com\/fr\/wp-json\/wp\/v2\/media?parent=338"}],"curies":[{"name":"wp","href":"https:\/\/api.w.org\/{rel}","templated":true}]}}